{"id":1462,"date":"2025-12-13T07:01:55","date_gmt":"2025-12-13T06:01:55","guid":{"rendered":"https:\/\/www.thierryjamin.com\/MAPI\/home\/"},"modified":"2026-04-24T05:50:52","modified_gmt":"2026-04-24T03:50:52","slug":"home","status":"publish","type":"page","link":"https:\/\/www.thierryjamin.com\/MAPI\/en\/","title":{"rendered":"Home"},"content":{"rendered":"\r\n\r\n<div class=\"et_pb_section_0 et_pb_section et_section_regular et_block_section et-pb-has-background-video et_pb_preload preset--module--divi-section--f2212392-b96a-4227-9b9d-7fc75c71ed21\"><span class=\"et-pb-background-video\"><video autoplay loop playsinline muted><source type=\"video\/mp4\" src=\"https:\/\/player.vimeo.com\/progressive_redirect\/playback\/1146166518\/rendition\/1080p\/file.mp4%20%281080p%29.mp4?loc=external&#038;log_user=0&#038;signature=687b4910c013e477c2c809a7fb9518974b70b2851bc6a1d65080f56896d55dac\" \/><\/video><\/span>\r\n\r\n<div class=\"et_pb_row_0 et_pb_row et_block_row preset--module--divi-row--1558413a-cabc-43ae-aee1-915e11673859\">\r\n\r\n<div class=\"et_pb_column_0 et_pb_column et_pb_column_4_4 et-last-child et_block_column et_pb_css_mix_blend_mode_passthrough\">\r\n\r\n<div class=\"et_pb_heading_0 et_pb_heading et_pb_module et_block_module preset--module--divi-heading--119be2d5-1767-41cf-b4e2-2f68ae14059b\"><div class=\"et_pb_heading_container\"><h4 class=\"et_pb_module_header\">The Secret Gate<\/h4><\/div><\/div>\r\n\r\n<div class=\"et_pb_heading_1 et_pb_heading et_pb_module et_block_module preset--module--divi-heading--a234c78d-a693-48de-badc-1e0490d74382\"><div class=\"et_pb_heading_container\"><h1 class=\"et_pb_module_header\">Machu Picchu<\/h1><\/div><\/div><\/div><\/div>\r\n\r\n<div class=\"et_pb_row_1 et_pb_row et_flex_row\">\r\n\r\n<div class=\"et_pb_column_1 et_pb_column et-last-child et_flex_column et_pb_css_mix_blend_mode_passthrough et_flex_column_24_24 et_flex_column_24_24_tablet et_flex_column_24_24_phone\">\r\n\r\n<div class=\"et_pb_row_2 et_pb_row et_pb_row_nested et_flex_row preset--module--divi-row--1558413a-cabc-43ae-aee1-915e11673859\"><div class=\"et_pb_column_2 et_pb_column et_block_column et_pb_css_mix_blend_mode_passthrough et_clickable et_flex_column_12_24 et_flex_column_12_24_tablet et_flex_column_24_24_phone preset--module--divi-column--9d06fd27-03cf-472f-9797-8b8ba8934f24\"><div class=\"et_pb_icon_0 et_pb_icon et_pb_module et_block_module\"><span class=\"et_pb_icon_wrap\"><span class=\"et-pb-icon\">\uf518<\/span><\/span><\/div><div class=\"et_pb_heading_2 et_pb_heading et_pb_module et_block_module preset--module--divi-heading--119be2d5-1767-41cf-b4e2-2f68ae14059b\"><div class=\"et_pb_heading_container\"><h4 class=\"et_pb_module_header\">Le livre<\/h4><\/div><\/div><\/div><div class=\"et_pb_column_3 et_pb_column et_block_column et_pb_css_mix_blend_mode_passthrough et_clickable et_flex_column_12_24 et_flex_column_12_24_tablet et_flex_column_24_24_phone preset--module--divi-column--9d06fd27-03cf-472f-9797-8b8ba8934f24\"><div class=\"et_pb_icon_1 et_pb_icon et_pb_module et_block_module\"><span class=\"et_pb_icon_wrap\"><span class=\"et-pb-icon\">\ue024<\/span><\/span><\/div><div class=\"et_pb_heading_3 et_pb_heading et_clickable et_pb_module et_block_module preset--module--divi-heading--119be2d5-1767-41cf-b4e2-2f68ae14059b\"><div class=\"et_pb_heading_container\"><h4 class=\"et_pb_module_header\">L'histoire en vid\u00e9o<\/h4><\/div><\/div><\/div><div class=\"et_pb_column_4 et_pb_column et-last-child et_block_column et_pb_css_mix_blend_mode_passthrough et_clickable et_flex_column_12_24 et_flex_column_12_24_tablet et_flex_column_24_24_phone preset--module--divi-column--76998815-672d-40f7-a9e0-4cf95f2d4a2d\"><div class=\"et_pb_icon_2 et_pb_icon et_clickable et_pb_module et_block_module\"><span class=\"et_pb_icon_wrap\"><a href=\"https:\/\/www.thierryjamin.com\/MAPI\/contact\/\" target=\"\"><span class=\"et-pb-icon\">\ue010<\/span><\/a><\/span><\/div><div class=\"et_pb_heading_4 et_pb_heading et_pb_module et_block_module preset--module--divi-heading--119be2d5-1767-41cf-b4e2-2f68ae14059b\"><div class=\"et_pb_heading_container\"><h4 class=\"et_pb_module_header\">Nous contacter<\/h4><\/div><\/div><\/div><\/div><\/div><\/div><\/div>\r\n\r\n<div class=\"et_pb_section_1 et_pb_section et_section_regular et_block_section\"><span class=\"et_pb_background_pattern\"><\/span>\r\n\r\n<div class=\"et_pb_row_3 et_pb_row et_flex_row\">\r\n\r\n<div class=\"et_pb_column_5 et_pb_column et-last-child et_block_column et_pb_css_mix_blend_mode_passthrough et_flex_column_24_24 et_flex_column_24_24_tablet et_flex_column_24_24_phone\">\r\n\r\n<div class=\"et_pb_heading_5 et_pb_heading et_pb_module et_block_module preset--module--divi-heading--119be2d5-1767-41cf-b4e2-2f68ae14059b\"><div class=\"et_pb_heading_container\"><h3 class=\"et_pb_module_header\">Why this site dedicated to Machu Picchu?<\/h3><\/div><\/div>\r\n\r\n<div class=\"et_pb_heading_6 et_pb_heading et_pb_module et_block_module preset--module--divi-heading--4eb153cd-eac9-4d3a-9bc5-a7e8c06029b6\"><div class=\"et_pb_heading_container\"><h2 class=\"et_pb_module_header\">A discovery in Machu Picchu: the beginning of an incredible story\u2026<\/h2><\/div><\/div><\/div><\/div>\r\n\r\n<div class=\"et_pb_row_4 et_pb_row et_flex_row\">\r\n\r\n<div class=\"et_pb_column_6 et_pb_column et_flex_column et_pb_css_mix_blend_mode_passthrough et_flex_column_12_24 et_flex_column_12_24_tablet et_flex_column_24_24_phone\">\r\n\r\n<div class=\"et_pb_text_0 et_pb_text et_pb_bg_layout_light et_pb_module et_flex_module\"><div class=\"et_pb_text_inner\"><p>In 2012, Thierry Jamin embarked on an incredible story in Machu Picchu. Jamin and his team believe they made an extraordinary archaeological discovery in the famous lost city, made famous by Hiram Bingham in 1911. This discovery was made possible thanks to the testimony of a French engineer from Barcelona, David Crespy, who visited Machu Picchu in February 2010.<\/p>\n<\/div><\/div><\/div>\r\n\r\n<div class=\"et_pb_column_7 et_pb_column et-last-child et_flex_column et_pb_css_mix_blend_mode_passthrough et_flex_column_12_24 et_flex_column_12_24_tablet et_flex_column_24_24_phone\">\r\n\r\n<div class=\"et_pb_gallery_0 et_pb_gallery et_pb_bg_layout_light et_pb_slider et_pb_gallery_fullwidth clearfix et_pb_slider_no_pagination et_slider_auto et_slider_speed_5000 et_pb_module\" data-auto-rotate=\"off\" data-auto-rotate-speed=\"\"><div class=\"et_pb_gallery_items et_post_gallery clearfix\" data-per_page=\"4\"><div class=\"et_pb_gallery_item et_pb_gallery_item_0_0\"><div class=\"et_pb_gallery_image landscape\" data-per_page=\"4\"><a href=\"https:\/\/www.thierryjamin.com\/MAPI\/wp-content\/uploads\/2025\/12\/machu-picchu-devant-la-porte-secrete.jpg\" title=\"Machu Picchu, in front of the secret door\"><img loading=\"lazy\" decoding=\"async\" width=\"600\" height=\"361\" src=\"https:\/\/www.thierryjamin.com\/MAPI\/wp-content\/uploads\/2025\/12\/machu-picchu-devant-la-porte-secrete.jpg\" alt=\"Machu Picchu, in front of the secret door\" class=\"wp-image-1541\" srcset=\"https:\/\/www.thierryjamin.com\/MAPI\/wp-content\/uploads\/2025\/12\/machu-picchu-devant-la-porte-secrete.jpg 600w, https:\/\/www.thierryjamin.com\/MAPI\/wp-content\/uploads\/2025\/12\/machu-picchu-devant-la-porte-secrete-480x289.jpg 480w\" sizes=\"(min-width: 0px) and (max-width: 480px) 480px, (min-width: 481px) 600px, 100vw\" \/><span class=\"et_overlay\" data-icon=\"\" data-icon-tablet=\"\" data-icon-phone=\"\"><\/span><\/a><\/div><\/div><div class=\"et_pb_gallery_item et_pb_gallery_item_0_1\"><div class=\"et_pb_gallery_image landscape\" data-per_page=\"4\"><a href=\"https:\/\/www.thierryjamin.com\/MAPI\/wp-content\/uploads\/2025\/12\/machu-picchu-resonaces.jpg\" title=\"Machu Picchu, measurement in front of the door\"><img loading=\"lazy\" decoding=\"async\" width=\"600\" height=\"361\" src=\"https:\/\/www.thierryjamin.com\/MAPI\/wp-content\/uploads\/2025\/12\/machu-picchu-resonaces.jpg\" alt=\"Machu Picchu, measurement in front of the door\" class=\"wp-image-1525\" srcset=\"https:\/\/www.thierryjamin.com\/MAPI\/wp-content\/uploads\/2025\/12\/machu-picchu-resonaces.jpg 600w, https:\/\/www.thierryjamin.com\/MAPI\/wp-content\/uploads\/2025\/12\/machu-picchu-resonaces-480x289.jpg 480w\" sizes=\"(min-width: 0px) and (max-width: 480px) 480px, (min-width: 481px) 600px, 100vw\" \/><span class=\"et_overlay\" data-icon=\"\" data-icon-tablet=\"\" data-icon-phone=\"\"><\/span><\/a><\/div><\/div><div class=\"et_pb_gallery_item et_pb_gallery_item_0_2\"><div class=\"et_pb_gallery_image landscape\" data-per_page=\"4\"><a href=\"https:\/\/www.thierryjamin.com\/MAPI\/wp-content\/uploads\/2025\/12\/machu-picchu-la-porte-secrete.jpg\" title=\"Machu Picchu, the secret door\"><img loading=\"lazy\" decoding=\"async\" width=\"600\" height=\"361\" src=\"https:\/\/www.thierryjamin.com\/MAPI\/wp-content\/uploads\/2025\/12\/machu-picchu-la-porte-secrete.jpg\" alt=\"Machu Picchu, the secret door\" class=\"wp-image-1539\" srcset=\"https:\/\/www.thierryjamin.com\/MAPI\/wp-content\/uploads\/2025\/12\/machu-picchu-la-porte-secrete.jpg 600w, https:\/\/www.thierryjamin.com\/MAPI\/wp-content\/uploads\/2025\/12\/machu-picchu-la-porte-secrete-480x289.jpg 480w\" sizes=\"(min-width: 0px) and (max-width: 480px) 480px, (min-width: 481px) 600px, 100vw\" \/><span class=\"et_overlay\" data-icon=\"\" data-icon-tablet=\"\" data-icon-phone=\"\"><\/span><\/a><\/div><\/div><\/div><\/div><\/div><\/div>\r\n\r\n<div class=\"et_pb_row_5 et_pb_row et_flex_row\">\r\n\r\n<div class=\"et_pb_column_8 et_pb_column et-last-child et_flex_column et_pb_css_mix_blend_mode_passthrough et_flex_column_24_24 et_flex_column_24_24_tablet et_flex_column_24_24_phone\">\r\n\r\n<div class=\"et_pb_heading_7 et_pb_heading et_pb_module et_block_module preset--module--divi-heading--4eb153cd-eac9-4d3a-9bc5-a7e8c06029b6\"><div class=\"et_pb_heading_container\"><h2 class=\"et_pb_module_header\">\u2026 followed by numerous controversies, intimidations, and threats<\/h2><\/div><\/div><\/div><\/div>\r\n\r\n<div class=\"et_pb_row_6 et_pb_row et_flex_row\">\r\n\r\n<div class=\"et_pb_column_9 et_pb_column et_flex_column et_pb_css_mix_blend_mode_passthrough et_flex_column_8_24 et_flex_column_8_24_tablet et_flex_column_24_24_phone\">\r\n\r\n<div class=\"et_pb_gallery_1 et_pb_gallery et_pb_bg_layout_light et_pb_slider et_pb_gallery_fullwidth clearfix et_pb_slider_no_pagination et_slider_auto et_slider_speed_5000 et_pb_module\" data-auto-rotate=\"off\" data-auto-rotate-speed=\"\"><div class=\"et_pb_gallery_items et_post_gallery clearfix\" data-per_page=\"4\"><div class=\"et_pb_gallery_item et_pb_gallery_item_1_0\"><div class=\"et_pb_gallery_image landscape\" data-per_page=\"4\"><a href=\"https:\/\/www.thierryjamin.com\/MAPI\/wp-content\/uploads\/2025\/12\/machu-picchu-menace-de-mort.jpg\" title=\"Machu Picchu, menace de mort\"><img loading=\"lazy\" decoding=\"async\" width=\"600\" height=\"827\" src=\"https:\/\/www.thierryjamin.com\/MAPI\/wp-content\/uploads\/2025\/12\/machu-picchu-menace-de-mort.jpg\" alt=\"Machu Picchu, menace de mort\" class=\"wp-image-1527\" srcset=\"https:\/\/www.thierryjamin.com\/MAPI\/wp-content\/uploads\/2025\/12\/machu-picchu-menace-de-mort.jpg 600w, https:\/\/www.thierryjamin.com\/MAPI\/wp-content\/uploads\/2025\/12\/machu-picchu-menace-de-mort-480x662.jpg 480w\" sizes=\"(min-width: 0px) and (max-width: 480px) 480px, (min-width: 481px) 600px, 100vw\" \/><span class=\"et_overlay\" data-icon=\"\" data-icon-tablet=\"\" data-icon-phone=\"\"><\/span><\/a><\/div><\/div><div class=\"et_pb_gallery_item et_pb_gallery_item_1_1\"><div class=\"et_pb_gallery_image landscape\" data-per_page=\"4\"><a href=\"https:\/\/www.thierryjamin.com\/MAPI\/wp-content\/uploads\/2025\/12\/machu-picchu-el-sol.jpg\" title=\"Machu Picchu, El Sol de Cusco\"><img loading=\"lazy\" decoding=\"async\" width=\"600\" height=\"827\" src=\"https:\/\/www.thierryjamin.com\/MAPI\/wp-content\/uploads\/2025\/12\/machu-picchu-el-sol.jpg\" alt=\"Machu Picchu, El Sol de Cusco\" class=\"wp-image-1531\" srcset=\"https:\/\/www.thierryjamin.com\/MAPI\/wp-content\/uploads\/2025\/12\/machu-picchu-el-sol.jpg 600w, https:\/\/www.thierryjamin.com\/MAPI\/wp-content\/uploads\/2025\/12\/machu-picchu-el-sol-480x662.jpg 480w\" sizes=\"(min-width: 0px) and (max-width: 480px) 480px, (min-width: 481px) 600px, 100vw\" \/><span class=\"et_overlay\" data-icon=\"\" data-icon-tablet=\"\" data-icon-phone=\"\"><\/span><\/a><\/div><\/div><\/div><\/div><\/div>\r\n\r\n<div class=\"et_pb_column_10 et_pb_column et-last-child et_flex_column et_pb_css_mix_blend_mode_passthrough et_flex_column_16_24 et_flex_column_16_24_tablet et_flex_column_24_24_phone\">\r\n\r\n<div class=\"et_pb_text_1 et_pb_text et_pb_bg_layout_light et_pb_module et_flex_module\"><div class=\"et_pb_text_inner\"><p>In early 2013, several national media outlets seized upon the matter, and significant controversies erupted across the country. All sorts of things were said and written!<\/p>\n<p>To allow the general public, political leaders, and the scientific community to form a fair and clear idea of the discoveries made in Machu Picchu by the Inkarri \u2013 Cusco Institute, Thierry Jamin explains on this website how his team and he came to the following conclusion: there is a <a href=\"https:\/\/www.thierryjamin.com\/MAPI\/en\/funeral-chamber-results\/\">funerary chamber<\/a> beneath the Temple of the Three Gates.<\/p>\n<\/div><\/div><\/div><\/div><\/div>\r\n\r\n<div class=\"et_pb_section_2 et_pb_section et_section_regular et_flex_section et_pb_section_parallax\"><span class=\"et-pb-parallax-wrapper\"><span class=\"et-pb-parallax-background et-pb-parallax-background--css et-pb-parallax-background-module--divi-section-2\" style=\"background-image:url(https:\/\/www.thierryjamin.com\/MAPI\/wp-content\/uploads\/2025\/12\/fond-resonance.jpg)\"><\/span><\/span>\r\n\r\n<div class=\"et_pb_row_7 et_pb_row et_flex_row\">\r\n\r\n<div class=\"et_pb_column_11 et_pb_column et-last-child et_flex_column et_pb_css_mix_blend_mode_passthrough et_flex_column_24_24 et_flex_column_24_24_tablet et_flex_column_24_24_phone\">\r\n\r\n<div class=\"et_pb_heading_8 et_pb_heading et_pb_module et_block_module preset--module--divi-heading--4eb153cd-eac9-4d3a-9bc5-a7e8c06029b6\"><div class=\"et_pb_heading_container\"><h2 class=\"et_pb_module_header\">You be the judge!<\/h2><\/div><\/div><\/div><\/div>\r\n\r\n<div class=\"et_pb_row_8 et_pb_row et_flex_row\">\r\n\r\n<div class=\"et_pb_column_12 et_pb_column et_flex_column et_pb_css_mix_blend_mode_passthrough et_flex_column_3_5 et_flex_column_3_5_tablet et_flex_column_24_24_phone\">\r\n\r\n<div class=\"et_pb_text_2 et_pb_text et_pb_bg_layout_dark et_pb_module et_flex_module\"><div class=\"et_pb_text_inner\"><p>Internet users will find on this website all the <a href=\"https:\/\/www.thierryjamin.com\/MAPI\/en\/temple-of-the-three-doors-machu-picchu\/\">written documents<\/a> (official documents), as well as the main press articles (newspapers, magazines, etc.), the main radio broadcasts, and the main reports and documentaries produced by Peruvian and foreign television channels on this incredible story.<\/p>\n<\/div><\/div><\/div>\r\n\r\n<div class=\"et_pb_column_13 et_pb_column et-last-child et_flex_column et_pb_css_mix_blend_mode_passthrough et_flex_column_2_5 et_flex_column_2_5_tablet et_flex_column_24_24_phone\">\r\n\r\n<div class=\"et_pb_gallery_2 et_pb_gallery et_pb_bg_layout_light et_pb_slider et_pb_gallery_fullwidth clearfix et_pb_slider_no_pagination et_slider_auto et_slider_speed_5000 et_pb_module\" data-auto-rotate=\"off\" data-auto-rotate-speed=\"\"><div class=\"et_pb_gallery_items et_post_gallery clearfix\" data-per_page=\"4\"><div class=\"et_pb_gallery_item et_pb_gallery_item_2_0\"><div class=\"et_pb_gallery_image landscape\" data-per_page=\"4\"><a href=\"https:\/\/www.thierryjamin.com\/MAPI\/wp-content\/uploads\/2025\/12\/machu-picchu-actu-toulouse.jpg\" title=\"Actu Toulouse\"><img loading=\"lazy\" decoding=\"async\" width=\"600\" height=\"600\" src=\"https:\/\/www.thierryjamin.com\/MAPI\/wp-content\/uploads\/2025\/12\/machu-picchu-actu-toulouse.jpg\" alt=\"Actu Toulouse\" class=\"wp-image-1533\" srcset=\"https:\/\/www.thierryjamin.com\/MAPI\/wp-content\/uploads\/2025\/12\/machu-picchu-actu-toulouse.jpg 600w, https:\/\/www.thierryjamin.com\/MAPI\/wp-content\/uploads\/2025\/12\/machu-picchu-actu-toulouse-480x480.jpg 480w\" sizes=\"(min-width: 0px) and (max-width: 480px) 480px, (min-width: 481px) 600px, 100vw\" \/><span class=\"et_overlay\" data-icon=\"\" data-icon-tablet=\"\" data-icon-phone=\"\"><\/span><\/a><\/div><\/div><div class=\"et_pb_gallery_item et_pb_gallery_item_2_1\"><div class=\"et_pb_gallery_image landscape\" data-per_page=\"4\"><a href=\"https:\/\/www.thierryjamin.com\/MAPI\/wp-content\/uploads\/2025\/12\/machu-picchu-forbes.jpg\" title=\"Forbes\"><img loading=\"lazy\" decoding=\"async\" width=\"600\" height=\"600\" src=\"https:\/\/www.thierryjamin.com\/MAPI\/wp-content\/uploads\/2025\/12\/machu-picchu-forbes.jpg\" alt=\"Forbes\" class=\"wp-image-1535\" srcset=\"https:\/\/www.thierryjamin.com\/MAPI\/wp-content\/uploads\/2025\/12\/machu-picchu-forbes.jpg 600w, https:\/\/www.thierryjamin.com\/MAPI\/wp-content\/uploads\/2025\/12\/machu-picchu-forbes-480x480.jpg 480w\" sizes=\"(min-width: 0px) and (max-width: 480px) 480px, (min-width: 481px) 600px, 100vw\" \/><span class=\"et_overlay\" data-icon=\"\" data-icon-tablet=\"\" data-icon-phone=\"\"><\/span><\/a><\/div><\/div><div class=\"et_pb_gallery_item et_pb_gallery_item_2_2\"><div class=\"et_pb_gallery_image landscape\" data-per_page=\"4\"><a href=\"https:\/\/www.thierryjamin.com\/MAPI\/wp-content\/uploads\/2025\/12\/machu-picchu-historia.jpg\" title=\"Historia \/ National Geographic\"><img loading=\"lazy\" decoding=\"async\" width=\"600\" height=\"600\" src=\"https:\/\/www.thierryjamin.com\/MAPI\/wp-content\/uploads\/2025\/12\/machu-picchu-historia.jpg\" alt=\"Historia \/ National Geographic\" class=\"wp-image-1537\" srcset=\"https:\/\/www.thierryjamin.com\/MAPI\/wp-content\/uploads\/2025\/12\/machu-picchu-historia.jpg 600w, https:\/\/www.thierryjamin.com\/MAPI\/wp-content\/uploads\/2025\/12\/machu-picchu-historia-480x480.jpg 480w\" sizes=\"(min-width: 0px) and (max-width: 480px) 480px, (min-width: 481px) 600px, 100vw\" \/><span class=\"et_overlay\" data-icon=\"\" data-icon-tablet=\"\" data-icon-phone=\"\"><\/span><\/a><\/div><\/div><\/div><\/div><\/div><\/div><\/div>","protected":false},"excerpt":{"rendered":"","protected":false},"author":1,"featured_media":0,"parent":0,"menu_order":1,"comment_status":"closed","ping_status":"closed","template":"","meta":{"_seopress_robots_primary_cat":"","_seopress_titles_title":"Machu Picchu, la porte secr\u00e8te","_seopress_titles_desc":"En avril 2012, Thierry Jamin et son \u00e9quipe font des r\u00e9sonances magn\u00e9tiques au Temple des 3 Portes \u00e0 Machu Picchu.","_seopress_robots_index":"","iawp_total_views":0,"footnotes":""},"class_list":["post-1462","page","type-page","status-publish","hentry"],"_links":{"self":[{"href":"https:\/\/www.thierryjamin.com\/MAPI\/en\/wp-json\/wp\/v2\/pages\/1462","targetHints":{"allow":["GET"]}}],"collection":[{"href":"https:\/\/www.thierryjamin.com\/MAPI\/en\/wp-json\/wp\/v2\/pages"}],"about":[{"href":"https:\/\/www.thierryjamin.com\/MAPI\/en\/wp-json\/wp\/v2\/types\/page"}],"author":[{"embeddable":true,"href":"https:\/\/www.thierryjamin.com\/MAPI\/en\/wp-json\/wp\/v2\/users\/1"}],"replies":[{"embeddable":true,"href":"https:\/\/www.thierryjamin.com\/MAPI\/en\/wp-json\/wp\/v2\/comments?post=1462"}],"version-history":[{"count":2,"href":"https:\/\/www.thierryjamin.com\/MAPI\/en\/wp-json\/wp\/v2\/pages\/1462\/revisions"}],"predecessor-version":[{"id":2239,"href":"https:\/\/www.thierryjamin.com\/MAPI\/en\/wp-json\/wp\/v2\/pages\/1462\/revisions\/2239"}],"wp:attachment":[{"href":"https:\/\/www.thierryjamin.com\/MAPI\/en\/wp-json\/wp\/v2\/media?parent=1462"}],"curies":[{"name":"wp","href":"https:\/\/api.w.org\/{rel}","templated":true}]}}