{"id":1466,"date":"2025-12-13T07:01:55","date_gmt":"2025-12-13T06:01:55","guid":{"rendered":"https:\/\/www.thierryjamin.com\/MAPI\/portada\/"},"modified":"2026-04-24T05:50:53","modified_gmt":"2026-04-24T03:50:53","slug":"portada","status":"publish","type":"page","link":"https:\/\/www.thierryjamin.com\/MAPI\/es\/","title":{"rendered":"Portada"},"content":{"rendered":"\r\n\r\n<div class=\"et_pb_section_0 et_pb_section et_section_regular et_block_section et-pb-has-background-video et_pb_preload preset--module--divi-section--f2212392-b96a-4227-9b9d-7fc75c71ed21\"><span class=\"et-pb-background-video\"><video autoplay loop playsinline muted><source type=\"video\/mp4\" src=\"https:\/\/player.vimeo.com\/progressive_redirect\/playback\/1146166518\/rendition\/1080p\/file.mp4%20%281080p%29.mp4?loc=external&#038;log_user=0&#038;signature=687b4910c013e477c2c809a7fb9518974b70b2851bc6a1d65080f56896d55dac\" \/><\/video><\/span>\r\n\r\n<div class=\"et_pb_row_0 et_pb_row et_block_row preset--module--divi-row--1558413a-cabc-43ae-aee1-915e11673859\">\r\n\r\n<div class=\"et_pb_column_0 et_pb_column et_pb_column_4_4 et-last-child et_block_column et_pb_css_mix_blend_mode_passthrough\">\r\n\r\n<div class=\"et_pb_heading_0 et_pb_heading et_pb_module et_block_module preset--module--divi-heading--119be2d5-1767-41cf-b4e2-2f68ae14059b\"><div class=\"et_pb_heading_container\"><h4 class=\"et_pb_module_header\">La puerta secreta<\/h4><\/div><\/div>\r\n\r\n<div class=\"et_pb_heading_1 et_pb_heading et_pb_module et_block_module preset--module--divi-heading--a234c78d-a693-48de-badc-1e0490d74382\"><div class=\"et_pb_heading_container\"><h1 class=\"et_pb_module_header\">Machu Picchu<\/h1><\/div><\/div><\/div><\/div>\r\n\r\n<div class=\"et_pb_row_1 et_pb_row et_flex_row\">\r\n\r\n<div class=\"et_pb_column_1 et_pb_column et-last-child et_flex_column et_pb_css_mix_blend_mode_passthrough et_flex_column_24_24 et_flex_column_24_24_tablet et_flex_column_24_24_phone\">\r\n\r\n<div class=\"et_pb_row_2 et_pb_row et_pb_row_nested et_flex_row preset--module--divi-row--1558413a-cabc-43ae-aee1-915e11673859\"><div class=\"et_pb_column_2 et_pb_column et_block_column et_pb_css_mix_blend_mode_passthrough et_clickable et_flex_column_12_24 et_flex_column_12_24_tablet et_flex_column_24_24_phone preset--module--divi-column--9d06fd27-03cf-472f-9797-8b8ba8934f24\"><div class=\"et_pb_icon_0 et_pb_icon et_pb_module et_block_module\"><span class=\"et_pb_icon_wrap\"><span class=\"et-pb-icon\">\uf518<\/span><\/span><\/div><div class=\"et_pb_heading_2 et_pb_heading et_pb_module et_block_module preset--module--divi-heading--119be2d5-1767-41cf-b4e2-2f68ae14059b\"><div class=\"et_pb_heading_container\"><h4 class=\"et_pb_module_header\">Le livre<\/h4><\/div><\/div><\/div><div class=\"et_pb_column_3 et_pb_column et_block_column et_pb_css_mix_blend_mode_passthrough et_clickable et_flex_column_12_24 et_flex_column_12_24_tablet et_flex_column_24_24_phone preset--module--divi-column--9d06fd27-03cf-472f-9797-8b8ba8934f24\"><div class=\"et_pb_icon_1 et_pb_icon et_pb_module et_block_module\"><span class=\"et_pb_icon_wrap\"><span class=\"et-pb-icon\">\ue024<\/span><\/span><\/div><div class=\"et_pb_heading_3 et_pb_heading et_clickable et_pb_module et_block_module preset--module--divi-heading--119be2d5-1767-41cf-b4e2-2f68ae14059b\"><div class=\"et_pb_heading_container\"><h4 class=\"et_pb_module_header\">L'histoire en vid\u00e9o<\/h4><\/div><\/div><\/div><div class=\"et_pb_column_4 et_pb_column et-last-child et_block_column et_pb_css_mix_blend_mode_passthrough et_clickable et_flex_column_12_24 et_flex_column_12_24_tablet et_flex_column_24_24_phone preset--module--divi-column--76998815-672d-40f7-a9e0-4cf95f2d4a2d\"><div class=\"et_pb_icon_2 et_pb_icon et_clickable et_pb_module et_block_module\"><span class=\"et_pb_icon_wrap\"><a href=\"https:\/\/www.thierryjamin.com\/MAPI\/contact\/\" target=\"\"><span class=\"et-pb-icon\">\ue010<\/span><\/a><\/span><\/div><div class=\"et_pb_heading_4 et_pb_heading et_pb_module et_block_module preset--module--divi-heading--119be2d5-1767-41cf-b4e2-2f68ae14059b\"><div class=\"et_pb_heading_container\"><h4 class=\"et_pb_module_header\">Nous contacter<\/h4><\/div><\/div><\/div><\/div><\/div><\/div><\/div>\r\n\r\n<div class=\"et_pb_section_1 et_pb_section et_section_regular et_block_section\"><span class=\"et_pb_background_pattern\"><\/span>\r\n\r\n<div class=\"et_pb_row_3 et_pb_row et_flex_row\">\r\n\r\n<div class=\"et_pb_column_5 et_pb_column et-last-child et_block_column et_pb_css_mix_blend_mode_passthrough et_flex_column_24_24 et_flex_column_24_24_tablet et_flex_column_24_24_phone\">\r\n\r\n<div class=\"et_pb_heading_5 et_pb_heading et_pb_module et_block_module preset--module--divi-heading--119be2d5-1767-41cf-b4e2-2f68ae14059b\"><div class=\"et_pb_heading_container\"><h3 class=\"et_pb_module_header\">\u00bfPor qu\u00e9 esta p\u00e1gina web dedicada a Machu Picchu?<\/h3><\/div><\/div>\r\n\r\n<div class=\"et_pb_heading_6 et_pb_heading et_pb_module et_block_module preset--module--divi-heading--4eb153cd-eac9-4d3a-9bc5-a7e8c06029b6\"><div class=\"et_pb_heading_container\"><h2 class=\"et_pb_module_header\">Un descubrimiento en Machu Picchu: el comienzo de una historia incre\u00edble...<\/h2><\/div><\/div><\/div><\/div>\r\n\r\n<div class=\"et_pb_row_4 et_pb_row et_flex_row\">\r\n\r\n<div class=\"et_pb_column_6 et_pb_column et_flex_column et_pb_css_mix_blend_mode_passthrough et_flex_column_12_24 et_flex_column_12_24_tablet et_flex_column_24_24_phone\">\r\n\r\n<div class=\"et_pb_text_0 et_pb_text et_pb_bg_layout_light et_pb_module et_flex_module\"><div class=\"et_pb_text_inner\"><p>En 2012, Thierry Jamin se embarca en una incre\u00edble aventura en Machu Picchu. Jamin y su equipo creen haber realizado un extraordinario avance arqueol\u00f3gico en la famosa ciudad perdida, que Hiram Bingham dio a conocer en 1911. Cette d\u00e9couverte fut possible gr\u00e2ce au t\u00e9moignage d\u2019un ing\u00e9nieur fran\u00e7ais de Barcelone, David Crespy, en visite \u00e0 Machu Picchu en f\u00e9vrier 2010.<\/p>\n<\/div><\/div><\/div>\r\n\r\n<div class=\"et_pb_column_7 et_pb_column et-last-child et_flex_column et_pb_css_mix_blend_mode_passthrough et_flex_column_12_24 et_flex_column_12_24_tablet et_flex_column_24_24_phone\">\r\n\r\n<div class=\"et_pb_gallery_0 et_pb_gallery et_pb_bg_layout_light et_pb_slider et_pb_gallery_fullwidth clearfix et_pb_slider_no_pagination et_slider_auto et_slider_speed_5000 et_pb_module\" data-auto-rotate=\"off\" data-auto-rotate-speed=\"\"><div class=\"et_pb_gallery_items et_post_gallery clearfix\" data-per_page=\"4\"><div class=\"et_pb_gallery_item et_pb_gallery_item_0_0\"><div class=\"et_pb_gallery_image landscape\" data-per_page=\"4\"><a href=\"https:\/\/www.thierryjamin.com\/MAPI\/wp-content\/uploads\/2025\/12\/machu-picchu-devant-la-porte-secrete.jpg\" title=\"Machu Picchu, frente a la puerta secreta\"><img loading=\"lazy\" decoding=\"async\" width=\"600\" height=\"361\" src=\"https:\/\/www.thierryjamin.com\/MAPI\/wp-content\/uploads\/2025\/12\/machu-picchu-devant-la-porte-secrete.jpg\" alt=\"Machu Picchu, frente a la puerta secreta\" class=\"wp-image-1542\" srcset=\"https:\/\/www.thierryjamin.com\/MAPI\/wp-content\/uploads\/2025\/12\/machu-picchu-devant-la-porte-secrete.jpg 600w, https:\/\/www.thierryjamin.com\/MAPI\/wp-content\/uploads\/2025\/12\/machu-picchu-devant-la-porte-secrete-480x289.jpg 480w\" sizes=\"(min-width: 0px) and (max-width: 480px) 480px, (min-width: 481px) 600px, 100vw\" \/><span class=\"et_overlay\" data-icon=\"\" data-icon-tablet=\"\" data-icon-phone=\"\"><\/span><\/a><\/div><\/div><div class=\"et_pb_gallery_item et_pb_gallery_item_0_1\"><div class=\"et_pb_gallery_image landscape\" data-per_page=\"4\"><a href=\"https:\/\/www.thierryjamin.com\/MAPI\/wp-content\/uploads\/2025\/12\/machu-picchu-resonaces.jpg\" title=\"Machu Picchu, medici\u00f3n frente a la puerta\"><img loading=\"lazy\" decoding=\"async\" width=\"600\" height=\"361\" src=\"https:\/\/www.thierryjamin.com\/MAPI\/wp-content\/uploads\/2025\/12\/machu-picchu-resonaces.jpg\" alt=\"Machu Picchu, mesure face la porte\" class=\"wp-image-1526\" srcset=\"https:\/\/www.thierryjamin.com\/MAPI\/wp-content\/uploads\/2025\/12\/machu-picchu-resonaces.jpg 600w, https:\/\/www.thierryjamin.com\/MAPI\/wp-content\/uploads\/2025\/12\/machu-picchu-resonaces-480x289.jpg 480w\" sizes=\"(min-width: 0px) and (max-width: 480px) 480px, (min-width: 481px) 600px, 100vw\" \/><span class=\"et_overlay\" data-icon=\"\" data-icon-tablet=\"\" data-icon-phone=\"\"><\/span><\/a><\/div><\/div><div class=\"et_pb_gallery_item et_pb_gallery_item_0_2\"><div class=\"et_pb_gallery_image landscape\" data-per_page=\"4\"><a href=\"https:\/\/www.thierryjamin.com\/MAPI\/wp-content\/uploads\/2025\/12\/machu-picchu-la-porte-secrete.jpg\" title=\"Machu Picchu, la puerta secreta\"><img loading=\"lazy\" decoding=\"async\" width=\"600\" height=\"361\" src=\"https:\/\/www.thierryjamin.com\/MAPI\/wp-content\/uploads\/2025\/12\/machu-picchu-la-porte-secrete.jpg\" alt=\"Machu Picchu, la puerta secreta\" class=\"wp-image-1540\" srcset=\"https:\/\/www.thierryjamin.com\/MAPI\/wp-content\/uploads\/2025\/12\/machu-picchu-la-porte-secrete.jpg 600w, https:\/\/www.thierryjamin.com\/MAPI\/wp-content\/uploads\/2025\/12\/machu-picchu-la-porte-secrete-480x289.jpg 480w\" sizes=\"(min-width: 0px) and (max-width: 480px) 480px, (min-width: 481px) 600px, 100vw\" \/><span class=\"et_overlay\" data-icon=\"\" data-icon-tablet=\"\" data-icon-phone=\"\"><\/span><\/a><\/div><\/div><\/div><\/div><\/div><\/div>\r\n\r\n<div class=\"et_pb_row_5 et_pb_row et_flex_row\">\r\n\r\n<div class=\"et_pb_column_8 et_pb_column et-last-child et_flex_column et_pb_css_mix_blend_mode_passthrough et_flex_column_24_24 et_flex_column_24_24_tablet et_flex_column_24_24_phone\">\r\n\r\n<div class=\"et_pb_heading_7 et_pb_heading et_pb_module et_block_module preset--module--divi-heading--4eb153cd-eac9-4d3a-9bc5-a7e8c06029b6\"><div class=\"et_pb_heading_container\"><h2 class=\"et_pb_module_header\">... seguida de numerosas pol\u00e9micas, intimidaciones y amenazas.<\/h2><\/div><\/div><\/div><\/div>\r\n\r\n<div class=\"et_pb_row_6 et_pb_row et_flex_row\">\r\n\r\n<div class=\"et_pb_column_9 et_pb_column et_flex_column et_pb_css_mix_blend_mode_passthrough et_flex_column_8_24 et_flex_column_8_24_tablet et_flex_column_24_24_phone\">\r\n\r\n<div class=\"et_pb_gallery_1 et_pb_gallery et_pb_bg_layout_light et_pb_slider et_pb_gallery_fullwidth clearfix et_pb_slider_no_pagination et_slider_auto et_slider_speed_5000 et_pb_module\" data-auto-rotate=\"off\" data-auto-rotate-speed=\"\"><div class=\"et_pb_gallery_items et_post_gallery clearfix\" data-per_page=\"4\"><div class=\"et_pb_gallery_item et_pb_gallery_item_1_0\"><div class=\"et_pb_gallery_image landscape\" data-per_page=\"4\"><a href=\"https:\/\/www.thierryjamin.com\/MAPI\/wp-content\/uploads\/2025\/12\/machu-picchu-menace-de-mort.jpg\" title=\"Machu Picchu, amenaza de muerte\"><img loading=\"lazy\" decoding=\"async\" width=\"600\" height=\"827\" src=\"https:\/\/www.thierryjamin.com\/MAPI\/wp-content\/uploads\/2025\/12\/machu-picchu-menace-de-mort.jpg\" alt=\"Machu Picchu, amenaza de muerte\" class=\"wp-image-1528\" srcset=\"https:\/\/www.thierryjamin.com\/MAPI\/wp-content\/uploads\/2025\/12\/machu-picchu-menace-de-mort.jpg 600w, https:\/\/www.thierryjamin.com\/MAPI\/wp-content\/uploads\/2025\/12\/machu-picchu-menace-de-mort-480x662.jpg 480w\" sizes=\"(min-width: 0px) and (max-width: 480px) 480px, (min-width: 481px) 600px, 100vw\" \/><span class=\"et_overlay\" data-icon=\"\" data-icon-tablet=\"\" data-icon-phone=\"\"><\/span><\/a><\/div><\/div><div class=\"et_pb_gallery_item et_pb_gallery_item_1_1\"><div class=\"et_pb_gallery_image landscape\" data-per_page=\"4\"><a href=\"https:\/\/www.thierryjamin.com\/MAPI\/wp-content\/uploads\/2025\/12\/machu-picchu-el-sol.jpg\" title=\"Machu Picchu, El Sol de Cusco\"><img loading=\"lazy\" decoding=\"async\" width=\"600\" height=\"827\" src=\"https:\/\/www.thierryjamin.com\/MAPI\/wp-content\/uploads\/2025\/12\/machu-picchu-el-sol.jpg\" alt=\"Machu Picchu, El Sol de Cusco\" class=\"wp-image-1532\" srcset=\"https:\/\/www.thierryjamin.com\/MAPI\/wp-content\/uploads\/2025\/12\/machu-picchu-el-sol.jpg 600w, https:\/\/www.thierryjamin.com\/MAPI\/wp-content\/uploads\/2025\/12\/machu-picchu-el-sol-480x662.jpg 480w\" sizes=\"(min-width: 0px) and (max-width: 480px) 480px, (min-width: 481px) 600px, 100vw\" \/><span class=\"et_overlay\" data-icon=\"\" data-icon-tablet=\"\" data-icon-phone=\"\"><\/span><\/a><\/div><\/div><\/div><\/div><\/div>\r\n\r\n<div class=\"et_pb_column_10 et_pb_column et-last-child et_flex_column et_pb_css_mix_blend_mode_passthrough et_flex_column_16_24 et_flex_column_16_24_tablet et_flex_column_24_24_phone\">\r\n\r\n<div class=\"et_pb_text_1 et_pb_text et_pb_bg_layout_light et_pb_module et_flex_module\"><div class=\"et_pb_text_inner\"><p>A principios de 2013, varios medios de comunicaci\u00f3n nacionales se hicieron eco del asunto y se desat\u00f3 una gran pol\u00e9mica en todo el pa\u00eds. \u00a1Se dice y se escribe cualquier cosa!<\/p>\n<p>Para que el p\u00fablico en general, los responsables pol\u00edticos y la comunidad cient\u00edfica puedan hacerse una idea clara y precisa de los descubrimientos realizados en Machu Picchu por el Instituto Inkarri \u2013 Cusco, Thierry Jamin explica en esta p\u00e1gina web c\u00f3mo \u00e9l y su equipo llegaron a la siguiente conclusi\u00f3n: bajo el Templo de las Tres Puertas hay una <a href=\"https:\/\/www.thierryjamin.com\/MAPI\/es\/resultados-c\u00e1mara-funeraria\">c\u00e1mara funeraria<\/a>.<\/p>\n<\/div><\/div><\/div><\/div><\/div>\r\n\r\n<div class=\"et_pb_section_2 et_pb_section et_section_regular et_flex_section et_pb_section_parallax\"><span class=\"et-pb-parallax-wrapper\"><span class=\"et-pb-parallax-background et-pb-parallax-background--css et-pb-parallax-background-module--divi-section-2\" style=\"background-image:url(https:\/\/www.thierryjamin.com\/MAPI\/wp-content\/uploads\/2025\/12\/fond-resonance.jpg)\"><\/span><\/span>\r\n\r\n<div class=\"et_pb_row_7 et_pb_row et_flex_row\">\r\n\r\n<div class=\"et_pb_column_11 et_pb_column et-last-child et_flex_column et_pb_css_mix_blend_mode_passthrough et_flex_column_24_24 et_flex_column_24_24_tablet et_flex_column_24_24_phone\">\r\n\r\n<div class=\"et_pb_heading_8 et_pb_heading et_pb_module et_block_module preset--module--divi-heading--4eb153cd-eac9-4d3a-9bc5-a7e8c06029b6\"><div class=\"et_pb_heading_container\"><h2 class=\"et_pb_module_header\">\u00a1Juzga t\u00fa mismo!<\/h2><\/div><\/div><\/div><\/div>\r\n\r\n<div class=\"et_pb_row_8 et_pb_row et_flex_row\">\r\n\r\n<div class=\"et_pb_column_12 et_pb_column et_flex_column et_pb_css_mix_blend_mode_passthrough et_flex_column_3_5 et_flex_column_3_5_tablet et_flex_column_24_24_phone\">\r\n\r\n<div class=\"et_pb_text_2 et_pb_text et_pb_bg_layout_dark et_pb_module et_flex_module\"><div class=\"et_pb_text_inner\"><p>Los internautas encontrar\u00e1n en este sitio web todos los <a href=\"https:\/\/www.thierryjamin.com\/MAPI\/es\/templo-de-las-tres-puertas-machu-picchu\/\">documentos escritos<\/a> (documentos oficiales), as\u00ed como los principales art\u00edculos de prensa (peri\u00f3dicos, revistas, etc.), los principales programas de radio y los principales reportajes y documentales realizados por cadenas de televisi\u00f3n peruanas y extranjeras sobre esta incre\u00edble historia.<\/p>\n<\/div><\/div><\/div>\r\n\r\n<div class=\"et_pb_column_13 et_pb_column et-last-child et_flex_column et_pb_css_mix_blend_mode_passthrough et_flex_column_2_5 et_flex_column_2_5_tablet et_flex_column_24_24_phone\">\r\n\r\n<div class=\"et_pb_gallery_2 et_pb_gallery et_pb_bg_layout_light et_pb_slider et_pb_gallery_fullwidth clearfix et_pb_slider_no_pagination et_slider_auto et_slider_speed_5000 et_pb_module\" data-auto-rotate=\"off\" data-auto-rotate-speed=\"\"><div class=\"et_pb_gallery_items et_post_gallery clearfix\" data-per_page=\"4\"><div class=\"et_pb_gallery_item et_pb_gallery_item_2_0\"><div class=\"et_pb_gallery_image landscape\" data-per_page=\"4\"><a href=\"https:\/\/www.thierryjamin.com\/MAPI\/wp-content\/uploads\/2025\/12\/machu-picchu-actu-toulouse.jpg\" title=\"Actu Toulouse\"><img loading=\"lazy\" decoding=\"async\" width=\"600\" height=\"600\" src=\"https:\/\/www.thierryjamin.com\/MAPI\/wp-content\/uploads\/2025\/12\/machu-picchu-actu-toulouse.jpg\" alt=\"Actu Toulouse\" class=\"wp-image-1534\" srcset=\"https:\/\/www.thierryjamin.com\/MAPI\/wp-content\/uploads\/2025\/12\/machu-picchu-actu-toulouse.jpg 600w, https:\/\/www.thierryjamin.com\/MAPI\/wp-content\/uploads\/2025\/12\/machu-picchu-actu-toulouse-480x480.jpg 480w\" sizes=\"(min-width: 0px) and (max-width: 480px) 480px, (min-width: 481px) 600px, 100vw\" \/><span class=\"et_overlay\" data-icon=\"\" data-icon-tablet=\"\" data-icon-phone=\"\"><\/span><\/a><\/div><\/div><div class=\"et_pb_gallery_item et_pb_gallery_item_2_1\"><div class=\"et_pb_gallery_image landscape\" data-per_page=\"4\"><a href=\"https:\/\/www.thierryjamin.com\/MAPI\/wp-content\/uploads\/2025\/12\/machu-picchu-forbes.jpg\" title=\"Forbes\"><img loading=\"lazy\" decoding=\"async\" width=\"600\" height=\"600\" src=\"https:\/\/www.thierryjamin.com\/MAPI\/wp-content\/uploads\/2025\/12\/machu-picchu-forbes.jpg\" alt=\"Forbes\" class=\"wp-image-1536\" srcset=\"https:\/\/www.thierryjamin.com\/MAPI\/wp-content\/uploads\/2025\/12\/machu-picchu-forbes.jpg 600w, https:\/\/www.thierryjamin.com\/MAPI\/wp-content\/uploads\/2025\/12\/machu-picchu-forbes-480x480.jpg 480w\" sizes=\"(min-width: 0px) and (max-width: 480px) 480px, (min-width: 481px) 600px, 100vw\" \/><span class=\"et_overlay\" data-icon=\"\" data-icon-tablet=\"\" data-icon-phone=\"\"><\/span><\/a><\/div><\/div><div class=\"et_pb_gallery_item et_pb_gallery_item_2_2\"><div class=\"et_pb_gallery_image landscape\" data-per_page=\"4\"><a href=\"https:\/\/www.thierryjamin.com\/MAPI\/wp-content\/uploads\/2025\/12\/machu-picchu-historia.jpg\" title=\"Historia \/ National Geographic\"><img loading=\"lazy\" decoding=\"async\" width=\"600\" height=\"600\" src=\"https:\/\/www.thierryjamin.com\/MAPI\/wp-content\/uploads\/2025\/12\/machu-picchu-historia.jpg\" alt=\"Historia \/ National Geographic\" class=\"wp-image-1538\" srcset=\"https:\/\/www.thierryjamin.com\/MAPI\/wp-content\/uploads\/2025\/12\/machu-picchu-historia.jpg 600w, https:\/\/www.thierryjamin.com\/MAPI\/wp-content\/uploads\/2025\/12\/machu-picchu-historia-480x480.jpg 480w\" sizes=\"(min-width: 0px) and (max-width: 480px) 480px, (min-width: 481px) 600px, 100vw\" \/><span class=\"et_overlay\" data-icon=\"\" data-icon-tablet=\"\" data-icon-phone=\"\"><\/span><\/a><\/div><\/div><\/div><\/div><\/div><\/div><\/div>","protected":false},"excerpt":{"rendered":"","protected":false},"author":1,"featured_media":0,"parent":0,"menu_order":1,"comment_status":"closed","ping_status":"closed","template":"","meta":{"_seopress_robots_primary_cat":"","_seopress_titles_title":"Machu Picchu, la porte secr\u00e8te","_seopress_titles_desc":"En avril 2012, Thierry Jamin et son \u00e9quipe font des r\u00e9sonances magn\u00e9tiques au Temple des 3 Portes \u00e0 Machu Picchu.","_seopress_robots_index":"","iawp_total_views":0,"footnotes":""},"class_list":["post-1466","page","type-page","status-publish","hentry"],"_links":{"self":[{"href":"https:\/\/www.thierryjamin.com\/MAPI\/es\/wp-json\/wp\/v2\/pages\/1466","targetHints":{"allow":["GET"]}}],"collection":[{"href":"https:\/\/www.thierryjamin.com\/MAPI\/es\/wp-json\/wp\/v2\/pages"}],"about":[{"href":"https:\/\/www.thierryjamin.com\/MAPI\/es\/wp-json\/wp\/v2\/types\/page"}],"author":[{"embeddable":true,"href":"https:\/\/www.thierryjamin.com\/MAPI\/es\/wp-json\/wp\/v2\/users\/1"}],"replies":[{"embeddable":true,"href":"https:\/\/www.thierryjamin.com\/MAPI\/es\/wp-json\/wp\/v2\/comments?post=1466"}],"version-history":[{"count":3,"href":"https:\/\/www.thierryjamin.com\/MAPI\/es\/wp-json\/wp\/v2\/pages\/1466\/revisions"}],"predecessor-version":[{"id":2240,"href":"https:\/\/www.thierryjamin.com\/MAPI\/es\/wp-json\/wp\/v2\/pages\/1466\/revisions\/2240"}],"wp:attachment":[{"href":"https:\/\/www.thierryjamin.com\/MAPI\/es\/wp-json\/wp\/v2\/media?parent=1466"}],"curies":[{"name":"wp","href":"https:\/\/api.w.org\/{rel}","templated":true}]}}