{"id":1520,"date":"2025-12-14T10:48:48","date_gmt":"2025-12-14T09:48:48","guid":{"rendered":"https:\/\/www.thierryjamin.com\/MAPI\/los-resultados\/"},"modified":"2026-04-04T13:43:50","modified_gmt":"2026-04-04T11:43:50","slug":"resultados-camara-funeraria","status":"publish","type":"page","link":"https:\/\/www.thierryjamin.com\/MAPI\/es\/resultados-camara-funeraria\/","title":{"rendered":"Los resultados"},"content":{"rendered":"","protected":true},"excerpt":{"rendered":"","protected":true},"author":1,"featured_media":0,"parent":0,"menu_order":2,"comment_status":"closed","ping_status":"closed","template":"","meta":{"_seopress_robots_primary_cat":"","_seopress_titles_title":"Una c\u00e1mara funeraria - Machu Picchu","_seopress_titles_desc":"La arquitectura de las cavidades subterr\u00e1neas descubiertas por Inkarri recuerda inevitablemente a una c\u00e1mara funeraria.","_seopress_robots_index":"","iawp_total_views":0,"footnotes":""},"class_list":["post-1520","page","type-page","status-publish","post-password-required","hentry"],"_links":{"self":[{"href":"https:\/\/www.thierryjamin.com\/MAPI\/es\/wp-json\/wp\/v2\/pages\/1520","targetHints":{"allow":["GET"]}}],"collection":[{"href":"https:\/\/www.thierryjamin.com\/MAPI\/es\/wp-json\/wp\/v2\/pages"}],"about":[{"href":"https:\/\/www.thierryjamin.com\/MAPI\/es\/wp-json\/wp\/v2\/types\/page"}],"author":[{"embeddable":true,"href":"https:\/\/www.thierryjamin.com\/MAPI\/es\/wp-json\/wp\/v2\/users\/1"}],"replies":[{"embeddable":true,"href":"https:\/\/www.thierryjamin.com\/MAPI\/es\/wp-json\/wp\/v2\/comments?post=1520"}],"version-history":[{"count":0,"href":"https:\/\/www.thierryjamin.com\/MAPI\/es\/wp-json\/wp\/v2\/pages\/1520\/revisions"}],"wp:attachment":[{"href":"https:\/\/www.thierryjamin.com\/MAPI\/es\/wp-json\/wp\/v2\/media?parent=1520"}],"curies":[{"name":"wp","href":"https:\/\/api.w.org\/{rel}","templated":true}]}}