{"id":1971,"date":"2025-12-17T10:22:15","date_gmt":"2025-12-17T09:22:15","guid":{"rendered":"https:\/\/www.thierryjamin.com\/MAPI\/titulo-thierry-jamin\/"},"modified":"2026-03-13T17:24:36","modified_gmt":"2026-03-13T16:24:36","slug":"titulo-thierry-jamin","status":"publish","type":"page","link":"https:\/\/www.thierryjamin.com\/MAPI\/es\/titulo-thierry-jamin\/","title":{"rendered":"\u00a1Thierry Jamin no tendr\u00eda t\u00edtulos!"},"content":{"rendered":"","protected":true},"excerpt":{"rendered":"","protected":true},"author":1,"featured_media":0,"parent":0,"menu_order":9,"comment_status":"closed","ping_status":"closed","template":"","meta":{"_seopress_robots_primary_cat":"","_seopress_titles_title":"Los t\u00edtulos de Thierry Jamin","_seopress_titles_desc":"Thierry Jamin tiene una maestr\u00eda en historia moderna que obtuvo en la Universidad de Tours, despu\u00e9s de un DEUG y una licenciatura.","_seopress_robots_index":"","iawp_total_views":0,"footnotes":""},"class_list":["post-1971","page","type-page","status-publish","post-password-required","hentry"],"_links":{"self":[{"href":"https:\/\/www.thierryjamin.com\/MAPI\/es\/wp-json\/wp\/v2\/pages\/1971","targetHints":{"allow":["GET"]}}],"collection":[{"href":"https:\/\/www.thierryjamin.com\/MAPI\/es\/wp-json\/wp\/v2\/pages"}],"about":[{"href":"https:\/\/www.thierryjamin.com\/MAPI\/es\/wp-json\/wp\/v2\/types\/page"}],"author":[{"embeddable":true,"href":"https:\/\/www.thierryjamin.com\/MAPI\/es\/wp-json\/wp\/v2\/users\/1"}],"replies":[{"embeddable":true,"href":"https:\/\/www.thierryjamin.com\/MAPI\/es\/wp-json\/wp\/v2\/comments?post=1971"}],"version-history":[{"count":0,"href":"https:\/\/www.thierryjamin.com\/MAPI\/es\/wp-json\/wp\/v2\/pages\/1971\/revisions"}],"wp:attachment":[{"href":"https:\/\/www.thierryjamin.com\/MAPI\/es\/wp-json\/wp\/v2\/media?parent=1971"}],"curies":[{"name":"wp","href":"https:\/\/api.w.org\/{rel}","templated":true}]}}