{"id":1979,"date":"2025-12-16T17:24:09","date_gmt":"2025-12-16T16:24:09","guid":{"rendered":"https:\/\/www.thierryjamin.com\/MAPI\/apertura-de-puerta\/"},"modified":"2026-03-13T15:11:52","modified_gmt":"2026-03-13T14:11:52","slug":"apertura-de-puerta","status":"publish","type":"page","link":"https:\/\/www.thierryjamin.com\/MAPI\/es\/apertura-de-puerta\/","title":{"rendered":"Una conferencia de prensa simulada"},"content":{"rendered":"","protected":true},"excerpt":{"rendered":"","protected":true},"author":1,"featured_media":0,"parent":0,"menu_order":7,"comment_status":"closed","ping_status":"closed","template":"","meta":{"_seopress_robots_primary_cat":"","_seopress_titles_title":"Apertura de la puerta secreta - Machu Picchu","_seopress_titles_desc":"Una importante operaci\u00f3n de manipulaci\u00f3n a prop\u00f3sito del proyecto de apertura de la puerta es implementada por los funcionarios de Machu Picchu.","_seopress_robots_index":"","iawp_total_views":0,"footnotes":""},"class_list":["post-1979","page","type-page","status-publish","post-password-required","hentry"],"_links":{"self":[{"href":"https:\/\/www.thierryjamin.com\/MAPI\/es\/wp-json\/wp\/v2\/pages\/1979","targetHints":{"allow":["GET"]}}],"collection":[{"href":"https:\/\/www.thierryjamin.com\/MAPI\/es\/wp-json\/wp\/v2\/pages"}],"about":[{"href":"https:\/\/www.thierryjamin.com\/MAPI\/es\/wp-json\/wp\/v2\/types\/page"}],"author":[{"embeddable":true,"href":"https:\/\/www.thierryjamin.com\/MAPI\/es\/wp-json\/wp\/v2\/users\/1"}],"replies":[{"embeddable":true,"href":"https:\/\/www.thierryjamin.com\/MAPI\/es\/wp-json\/wp\/v2\/comments?post=1979"}],"version-history":[{"count":0,"href":"https:\/\/www.thierryjamin.com\/MAPI\/es\/wp-json\/wp\/v2\/pages\/1979\/revisions"}],"wp:attachment":[{"href":"https:\/\/www.thierryjamin.com\/MAPI\/es\/wp-json\/wp\/v2\/media?parent=1979"}],"curies":[{"name":"wp","href":"https:\/\/api.w.org\/{rel}","templated":true}]}}