{"id":1985,"date":"2025-12-16T14:21:32","date_gmt":"2025-12-16T13:21:32","guid":{"rendered":"https:\/\/www.thierryjamin.com\/MAPI\/cavidades-subterraneas\/"},"modified":"2026-03-13T15:09:19","modified_gmt":"2026-03-13T14:09:19","slug":"cavidades-subterraneas","status":"publish","type":"page","link":"https:\/\/www.thierryjamin.com\/MAPI\/es\/cavidades-subterraneas\/","title":{"rendered":"Algunos medios cambian de actitud"},"content":{"rendered":"","protected":true},"excerpt":{"rendered":"","protected":true},"author":1,"featured_media":0,"parent":0,"menu_order":6,"comment_status":"closed","ping_status":"closed","template":"","meta":{"_seopress_robots_primary_cat":"","_seopress_titles_title":"Las cavidades subterr\u00e1neas debajo del Templo de las Tres Puertas","_seopress_titles_desc":"El descubrimiento de cavidades subterr\u00e1neas en el s\u00f3tano del Templo de las Tres Puertas ha dado lugar a numerosas publicaciones, la mayor\u00eda de ellas controvertidas.","_seopress_robots_index":"","iawp_total_views":0,"footnotes":""},"class_list":["post-1985","page","type-page","status-publish","post-password-required","hentry"],"_links":{"self":[{"href":"https:\/\/www.thierryjamin.com\/MAPI\/es\/wp-json\/wp\/v2\/pages\/1985","targetHints":{"allow":["GET"]}}],"collection":[{"href":"https:\/\/www.thierryjamin.com\/MAPI\/es\/wp-json\/wp\/v2\/pages"}],"about":[{"href":"https:\/\/www.thierryjamin.com\/MAPI\/es\/wp-json\/wp\/v2\/types\/page"}],"author":[{"embeddable":true,"href":"https:\/\/www.thierryjamin.com\/MAPI\/es\/wp-json\/wp\/v2\/users\/1"}],"replies":[{"embeddable":true,"href":"https:\/\/www.thierryjamin.com\/MAPI\/es\/wp-json\/wp\/v2\/comments?post=1985"}],"version-history":[{"count":0,"href":"https:\/\/www.thierryjamin.com\/MAPI\/es\/wp-json\/wp\/v2\/pages\/1985\/revisions"}],"wp:attachment":[{"href":"https:\/\/www.thierryjamin.com\/MAPI\/es\/wp-json\/wp\/v2\/media?parent=1985"}],"curies":[{"name":"wp","href":"https:\/\/api.w.org\/{rel}","templated":true}]}}