{"id":1995,"date":"2025-12-16T14:12:55","date_gmt":"2025-12-16T13:12:55","guid":{"rendered":"https:\/\/www.thierryjamin.com\/MAPI\/el-mausoleo-de-pachacutec\/"},"modified":"2026-03-13T11:30:47","modified_gmt":"2026-03-13T10:30:47","slug":"el-mausoleo-de-pachacutec","status":"publish","type":"page","link":"https:\/\/www.thierryjamin.com\/MAPI\/es\/el-mausoleo-de-pachacutec\/","title":{"rendered":"La peque\u00f1ez de sus grandes maniobras"},"content":{"rendered":"","protected":true},"excerpt":{"rendered":"","protected":true},"author":1,"featured_media":0,"parent":0,"menu_order":5,"comment_status":"closed","ping_status":"closed","template":"","meta":{"_seopress_robots_primary_cat":"","_seopress_titles_title":"El mausoleo de Pachacutec - Machu Picchu","_seopress_titles_desc":"Thierry Jamin ha planteado la hip\u00f3tesis de que las cavidades subterr\u00e1neas podr\u00edan ser el mausoleo de Pachacutec. Los medios denigran esta hip\u00f3tesis. ","_seopress_robots_index":"","iawp_total_views":0,"footnotes":""},"class_list":["post-1995","page","type-page","status-publish","post-password-required","hentry"],"_links":{"self":[{"href":"https:\/\/www.thierryjamin.com\/MAPI\/es\/wp-json\/wp\/v2\/pages\/1995","targetHints":{"allow":["GET"]}}],"collection":[{"href":"https:\/\/www.thierryjamin.com\/MAPI\/es\/wp-json\/wp\/v2\/pages"}],"about":[{"href":"https:\/\/www.thierryjamin.com\/MAPI\/es\/wp-json\/wp\/v2\/types\/page"}],"author":[{"embeddable":true,"href":"https:\/\/www.thierryjamin.com\/MAPI\/es\/wp-json\/wp\/v2\/users\/1"}],"replies":[{"embeddable":true,"href":"https:\/\/www.thierryjamin.com\/MAPI\/es\/wp-json\/wp\/v2\/comments?post=1995"}],"version-history":[{"count":0,"href":"https:\/\/www.thierryjamin.com\/MAPI\/es\/wp-json\/wp\/v2\/pages\/1995\/revisions"}],"wp:attachment":[{"href":"https:\/\/www.thierryjamin.com\/MAPI\/es\/wp-json\/wp\/v2\/media?parent=1995"}],"curies":[{"name":"wp","href":"https:\/\/api.w.org\/{rel}","templated":true}]}}