{"id":2013,"date":"2025-12-19T14:42:15","date_gmt":"2025-12-19T13:42:15","guid":{"rendered":"https:\/\/www.thierryjamin.com\/MAPI\/equipo-de-investigacion\/"},"modified":"2026-03-15T15:33:20","modified_gmt":"2026-03-15T14:33:20","slug":"equipo-de-investigacion","status":"publish","type":"page","link":"https:\/\/www.thierryjamin.com\/MAPI\/es\/equipo-de-investigacion\/","title":{"rendered":"El equipo de investigaci\u00f3n"},"content":{"rendered":"","protected":true},"excerpt":{"rendered":"","protected":true},"author":1,"featured_media":0,"parent":0,"menu_order":12,"comment_status":"closed","ping_status":"closed","template":"","meta":{"_seopress_robots_primary_cat":"","_seopress_titles_title":"El equipo de investigaci\u00f3n - Arque\u00f3logo","_seopress_titles_desc":"El equipo de investigaci\u00f3n incluye un director ejecutivo, Thierry Jamin, dos arque\u00f3logos, un responsable de la log\u00edstica, un camar\u00f3grafo y un cineasta.","_seopress_robots_index":"","iawp_total_views":0,"footnotes":""},"class_list":["post-2013","page","type-page","status-publish","post-password-required","hentry"],"_links":{"self":[{"href":"https:\/\/www.thierryjamin.com\/MAPI\/es\/wp-json\/wp\/v2\/pages\/2013","targetHints":{"allow":["GET"]}}],"collection":[{"href":"https:\/\/www.thierryjamin.com\/MAPI\/es\/wp-json\/wp\/v2\/pages"}],"about":[{"href":"https:\/\/www.thierryjamin.com\/MAPI\/es\/wp-json\/wp\/v2\/types\/page"}],"author":[{"embeddable":true,"href":"https:\/\/www.thierryjamin.com\/MAPI\/es\/wp-json\/wp\/v2\/users\/1"}],"replies":[{"embeddable":true,"href":"https:\/\/www.thierryjamin.com\/MAPI\/es\/wp-json\/wp\/v2\/comments?post=2013"}],"version-history":[{"count":0,"href":"https:\/\/www.thierryjamin.com\/MAPI\/es\/wp-json\/wp\/v2\/pages\/2013\/revisions"}],"wp:attachment":[{"href":"https:\/\/www.thierryjamin.com\/MAPI\/es\/wp-json\/wp\/v2\/media?parent=2013"}],"curies":[{"name":"wp","href":"https:\/\/api.w.org\/{rel}","templated":true}]}}