{"id":270,"date":"2025-12-14T10:48:48","date_gmt":"2025-12-14T09:48:48","guid":{"rendered":"https:\/\/www.thierryjamin.com\/MAPI\/?page_id=270"},"modified":"2026-04-04T11:25:02","modified_gmt":"2026-04-04T09:25:02","slug":"resultats-chambre-funeraire","status":"publish","type":"page","link":"https:\/\/www.thierryjamin.com\/MAPI\/resultats-chambre-funeraire\/","title":{"rendered":"Les r\u00e9sultats"},"content":{"rendered":"","protected":true},"excerpt":{"rendered":"","protected":true},"author":1,"featured_media":0,"parent":0,"menu_order":2,"comment_status":"closed","ping_status":"closed","template":"","meta":{"_seopress_robots_primary_cat":"","_seopress_titles_title":"Une chambre fun\u00e9raire - Machu Picchu","_seopress_titles_desc":"L'architecture des cavit\u00e9s souterraines d\u00e9couvertes par Inkarri fait in\u00e9vitablement penser \u00e0 une chambre fun\u00e9raire.","_seopress_robots_index":"","iawp_total_views":4,"footnotes":""},"class_list":["post-270","page","type-page","status-publish","post-password-required","hentry"],"_links":{"self":[{"href":"https:\/\/www.thierryjamin.com\/MAPI\/wp-json\/wp\/v2\/pages\/270","targetHints":{"allow":["GET"]}}],"collection":[{"href":"https:\/\/www.thierryjamin.com\/MAPI\/wp-json\/wp\/v2\/pages"}],"about":[{"href":"https:\/\/www.thierryjamin.com\/MAPI\/wp-json\/wp\/v2\/types\/page"}],"author":[{"embeddable":true,"href":"https:\/\/www.thierryjamin.com\/MAPI\/wp-json\/wp\/v2\/users\/1"}],"replies":[{"embeddable":true,"href":"https:\/\/www.thierryjamin.com\/MAPI\/wp-json\/wp\/v2\/comments?post=270"}],"version-history":[{"count":0,"href":"https:\/\/www.thierryjamin.com\/MAPI\/wp-json\/wp\/v2\/pages\/270\/revisions"}],"wp:attachment":[{"href":"https:\/\/www.thierryjamin.com\/MAPI\/wp-json\/wp\/v2\/media?parent=270"}],"curies":[{"name":"wp","href":"https:\/\/api.w.org\/{rel}","templated":true}]}}