{"id":569,"date":"2025-12-16T17:24:09","date_gmt":"2025-12-16T16:24:09","guid":{"rendered":"https:\/\/www.thierryjamin.com\/MAPI\/?page_id=569"},"modified":"2026-03-12T06:37:02","modified_gmt":"2026-03-12T05:37:02","slug":"ouverture-de-la-porte","status":"publish","type":"page","link":"https:\/\/www.thierryjamin.com\/MAPI\/ouverture-de-la-porte\/","title":{"rendered":"Une conf\u00e9rence de presse bidon"},"content":{"rendered":"","protected":true},"excerpt":{"rendered":"","protected":true},"author":1,"featured_media":0,"parent":0,"menu_order":7,"comment_status":"closed","ping_status":"closed","template":"","meta":{"_seopress_robots_primary_cat":"","_seopress_titles_title":"Ouverture de la porte secr\u00e8te - Machu Picchu","_seopress_titles_desc":"Une importante op\u00e9ration de manipulation \u00e0 propos du projet d\u2019ouverture de la porte est mise en \u0153uvre par les fonctionnaires de Machu Picchu.","_seopress_robots_index":"","iawp_total_views":4,"footnotes":""},"class_list":["post-569","page","type-page","status-publish","post-password-required","hentry"],"_links":{"self":[{"href":"https:\/\/www.thierryjamin.com\/MAPI\/wp-json\/wp\/v2\/pages\/569","targetHints":{"allow":["GET"]}}],"collection":[{"href":"https:\/\/www.thierryjamin.com\/MAPI\/wp-json\/wp\/v2\/pages"}],"about":[{"href":"https:\/\/www.thierryjamin.com\/MAPI\/wp-json\/wp\/v2\/types\/page"}],"author":[{"embeddable":true,"href":"https:\/\/www.thierryjamin.com\/MAPI\/wp-json\/wp\/v2\/users\/1"}],"replies":[{"embeddable":true,"href":"https:\/\/www.thierryjamin.com\/MAPI\/wp-json\/wp\/v2\/comments?post=569"}],"version-history":[{"count":0,"href":"https:\/\/www.thierryjamin.com\/MAPI\/wp-json\/wp\/v2\/pages\/569\/revisions"}],"wp:attachment":[{"href":"https:\/\/www.thierryjamin.com\/MAPI\/wp-json\/wp\/v2\/media?parent=569"}],"curies":[{"name":"wp","href":"https:\/\/api.w.org\/{rel}","templated":true}]}}