{"id":632,"date":"2025-12-17T09:21:56","date_gmt":"2025-12-17T08:21:56","guid":{"rendered":"https:\/\/www.thierryjamin.com\/MAPI\/?page_id=632"},"modified":"2026-03-12T06:37:24","modified_gmt":"2026-03-12T05:37:24","slug":"menaces-de-mort","status":"publish","type":"page","link":"https:\/\/www.thierryjamin.com\/MAPI\/menaces-de-mort\/","title":{"rendered":"Menaces de mort"},"content":{"rendered":"","protected":true},"excerpt":{"rendered":"","protected":true},"author":1,"featured_media":0,"parent":0,"menu_order":8,"comment_status":"closed","ping_status":"closed","template":"","meta":{"_seopress_robots_primary_cat":"","_seopress_titles_title":"Menaces de mort contre Thierry Jamin - Machu Picchu","_seopress_titles_desc":"Apr\u00e8s des semaines de pol\u00e9miques, Thierry Jamin re\u00e7oit \u00e0 son domicile, le mardi 26 f\u00e9vrier 2013, des menaces de mort.","_seopress_robots_index":"","iawp_total_views":2,"footnotes":""},"class_list":["post-632","page","type-page","status-publish","post-password-required","hentry"],"_links":{"self":[{"href":"https:\/\/www.thierryjamin.com\/MAPI\/wp-json\/wp\/v2\/pages\/632","targetHints":{"allow":["GET"]}}],"collection":[{"href":"https:\/\/www.thierryjamin.com\/MAPI\/wp-json\/wp\/v2\/pages"}],"about":[{"href":"https:\/\/www.thierryjamin.com\/MAPI\/wp-json\/wp\/v2\/types\/page"}],"author":[{"embeddable":true,"href":"https:\/\/www.thierryjamin.com\/MAPI\/wp-json\/wp\/v2\/users\/1"}],"replies":[{"embeddable":true,"href":"https:\/\/www.thierryjamin.com\/MAPI\/wp-json\/wp\/v2\/comments?post=632"}],"version-history":[{"count":0,"href":"https:\/\/www.thierryjamin.com\/MAPI\/wp-json\/wp\/v2\/pages\/632\/revisions"}],"wp:attachment":[{"href":"https:\/\/www.thierryjamin.com\/MAPI\/wp-json\/wp\/v2\/media?parent=632"}],"curies":[{"name":"wp","href":"https:\/\/api.w.org\/{rel}","templated":true}]}}