{"id":648,"date":"2025-12-17T10:22:15","date_gmt":"2025-12-17T09:22:15","guid":{"rendered":"https:\/\/www.thierryjamin.com\/MAPI\/?page_id=648"},"modified":"2026-03-12T06:37:53","modified_gmt":"2026-03-12T05:37:53","slug":"diplome-thierry-jamin","status":"publish","type":"page","link":"https:\/\/www.thierryjamin.com\/MAPI\/diplome-thierry-jamin\/","title":{"rendered":"Thierry Jamin n&rsquo;aurait pas de dipl\u00f4mes !"},"content":{"rendered":"","protected":true},"excerpt":{"rendered":"","protected":true},"author":1,"featured_media":0,"parent":0,"menu_order":9,"comment_status":"closed","ping_status":"closed","template":"","meta":{"_seopress_robots_primary_cat":"","_seopress_titles_title":"Les dipl\u00f4mes de Thierry Jamin","_seopress_titles_desc":"Thierry Jamin a pour dipl\u00f4me une ma\u00eetrise d'histoire moderne qu'il a obtenue \u00e0 l'Universit\u00e9 de Tours, apr\u00e8s un DEUG et une licence.","_seopress_robots_index":"","iawp_total_views":3,"footnotes":""},"class_list":["post-648","page","type-page","status-publish","post-password-required","hentry"],"_links":{"self":[{"href":"https:\/\/www.thierryjamin.com\/MAPI\/wp-json\/wp\/v2\/pages\/648","targetHints":{"allow":["GET"]}}],"collection":[{"href":"https:\/\/www.thierryjamin.com\/MAPI\/wp-json\/wp\/v2\/pages"}],"about":[{"href":"https:\/\/www.thierryjamin.com\/MAPI\/wp-json\/wp\/v2\/types\/page"}],"author":[{"embeddable":true,"href":"https:\/\/www.thierryjamin.com\/MAPI\/wp-json\/wp\/v2\/users\/1"}],"replies":[{"embeddable":true,"href":"https:\/\/www.thierryjamin.com\/MAPI\/wp-json\/wp\/v2\/comments?post=648"}],"version-history":[{"count":0,"href":"https:\/\/www.thierryjamin.com\/MAPI\/wp-json\/wp\/v2\/pages\/648\/revisions"}],"wp:attachment":[{"href":"https:\/\/www.thierryjamin.com\/MAPI\/wp-json\/wp\/v2\/media?parent=648"}],"curies":[{"name":"wp","href":"https:\/\/api.w.org\/{rel}","templated":true}]}}