{"id":714,"date":"2025-12-17T17:00:33","date_gmt":"2025-12-17T16:00:33","guid":{"rendered":"https:\/\/www.thierryjamin.com\/MAPI\/?page_id=714"},"modified":"2026-03-12T06:38:22","modified_gmt":"2026-03-12T05:38:22","slug":"projet-douverture-de-la-porte","status":"publish","type":"page","link":"https:\/\/www.thierryjamin.com\/MAPI\/projet-douverture-de-la-porte\/","title":{"rendered":"Le projet Machu Picchu continue"},"content":{"rendered":"","protected":true},"excerpt":{"rendered":"","protected":true},"author":1,"featured_media":0,"parent":0,"menu_order":10,"comment_status":"closed","ping_status":"closed","template":"","meta":{"_seopress_robots_primary_cat":"","_seopress_titles_title":"Projet d'ouverture de la porte \u00e0 Machu Picchu","_seopress_titles_desc":"Une nouvelle version du projet d\u2019ouverture de la porte est pr\u00e9sent\u00e9 aux autorit\u00e9s et une nouvelle fois rejet\u00e9.","_seopress_robots_index":"","iawp_total_views":2,"footnotes":""},"class_list":["post-714","page","type-page","status-publish","post-password-required","hentry"],"_links":{"self":[{"href":"https:\/\/www.thierryjamin.com\/MAPI\/wp-json\/wp\/v2\/pages\/714","targetHints":{"allow":["GET"]}}],"collection":[{"href":"https:\/\/www.thierryjamin.com\/MAPI\/wp-json\/wp\/v2\/pages"}],"about":[{"href":"https:\/\/www.thierryjamin.com\/MAPI\/wp-json\/wp\/v2\/types\/page"}],"author":[{"embeddable":true,"href":"https:\/\/www.thierryjamin.com\/MAPI\/wp-json\/wp\/v2\/users\/1"}],"replies":[{"embeddable":true,"href":"https:\/\/www.thierryjamin.com\/MAPI\/wp-json\/wp\/v2\/comments?post=714"}],"version-history":[{"count":0,"href":"https:\/\/www.thierryjamin.com\/MAPI\/wp-json\/wp\/v2\/pages\/714\/revisions"}],"wp:attachment":[{"href":"https:\/\/www.thierryjamin.com\/MAPI\/wp-json\/wp\/v2\/media?parent=714"}],"curies":[{"name":"wp","href":"https:\/\/api.w.org\/{rel}","templated":true}]}}