{"id":746,"date":"2025-12-18T04:57:51","date_gmt":"2025-12-18T03:57:51","guid":{"rendered":"https:\/\/www.thierryjamin.com\/MAPI\/?page_id=746"},"modified":"2026-03-12T06:38:51","modified_gmt":"2026-03-12T05:38:51","slug":"conclusion-provisoire-inkarri","status":"publish","type":"page","link":"https:\/\/www.thierryjamin.com\/MAPI\/conclusion-provisoire-inkarri\/","title":{"rendered":"Conclusion&#8230; provisoire"},"content":{"rendered":"","protected":true},"excerpt":{"rendered":"","protected":true},"author":1,"featured_media":0,"parent":0,"menu_order":11,"comment_status":"closed","ping_status":"closed","template":"","meta":{"_seopress_robots_primary_cat":"","_seopress_titles_title":"Comment enterrer le projet d'Inkarri \u00e0 Machu Picchu","_seopress_titles_desc":"Nous apprenons qu\u2019un projet \u00ab concurrent\u00a0\u00bb \u00e0 celui d'Inkarri est pr\u00e9sent\u00e9 par des arch\u00e9ologues de\u2026 Machu Picchu ! \u00c9videmment approuv\u00e9 !","_seopress_robots_index":"","iawp_total_views":2,"footnotes":""},"class_list":["post-746","page","type-page","status-publish","post-password-required","hentry"],"_links":{"self":[{"href":"https:\/\/www.thierryjamin.com\/MAPI\/wp-json\/wp\/v2\/pages\/746","targetHints":{"allow":["GET"]}}],"collection":[{"href":"https:\/\/www.thierryjamin.com\/MAPI\/wp-json\/wp\/v2\/pages"}],"about":[{"href":"https:\/\/www.thierryjamin.com\/MAPI\/wp-json\/wp\/v2\/types\/page"}],"author":[{"embeddable":true,"href":"https:\/\/www.thierryjamin.com\/MAPI\/wp-json\/wp\/v2\/users\/1"}],"replies":[{"embeddable":true,"href":"https:\/\/www.thierryjamin.com\/MAPI\/wp-json\/wp\/v2\/comments?post=746"}],"version-history":[{"count":0,"href":"https:\/\/www.thierryjamin.com\/MAPI\/wp-json\/wp\/v2\/pages\/746\/revisions"}],"wp:attachment":[{"href":"https:\/\/www.thierryjamin.com\/MAPI\/wp-json\/wp\/v2\/media?parent=746"}],"curies":[{"name":"wp","href":"https:\/\/api.w.org\/{rel}","templated":true}]}}