{"id":9,"date":"2025-12-13T07:01:55","date_gmt":"2025-12-13T06:01:55","guid":{"rendered":"https:\/\/www.thierryjamin.com\/MAPI\/?page_id=9"},"modified":"2026-04-24T05:50:52","modified_gmt":"2026-04-24T03:50:52","slug":"accueil","status":"publish","type":"page","link":"https:\/\/www.thierryjamin.com\/MAPI\/","title":{"rendered":"Accueil"},"content":{"rendered":"\r\n\r\n<div class=\"et_pb_section_0 et_pb_section et_section_regular et_block_section et-pb-has-background-video et_pb_preload preset--module--divi-section--f2212392-b96a-4227-9b9d-7fc75c71ed21\"><span class=\"et-pb-background-video\"><video autoplay loop playsinline muted><source type=\"video\/mp4\" src=\"https:\/\/player.vimeo.com\/progressive_redirect\/playback\/1146166518\/rendition\/1080p\/file.mp4%20%281080p%29.mp4?loc=external&#038;log_user=0&#038;signature=687b4910c013e477c2c809a7fb9518974b70b2851bc6a1d65080f56896d55dac\" \/><\/video><\/span>\r\n\r\n<div class=\"et_pb_row_0 et_pb_row et_block_row preset--module--divi-row--1558413a-cabc-43ae-aee1-915e11673859\">\r\n\r\n<div class=\"et_pb_column_0 et_pb_column et_pb_column_4_4 et-last-child et_block_column et_pb_css_mix_blend_mode_passthrough\">\r\n\r\n<div class=\"et_pb_heading_0 et_pb_heading et_pb_module et_block_module preset--module--divi-heading--119be2d5-1767-41cf-b4e2-2f68ae14059b\"><div class=\"et_pb_heading_container\"><h4 class=\"et_pb_module_header\">La porte secr\u00e8te<\/h4><\/div><\/div>\r\n\r\n<div class=\"et_pb_heading_1 et_pb_heading et_pb_module et_block_module preset--module--divi-heading--a234c78d-a693-48de-badc-1e0490d74382\"><div class=\"et_pb_heading_container\"><h1 class=\"et_pb_module_header\">Machu Picchu<\/h1><\/div><\/div><\/div><\/div>\r\n\r\n<div class=\"et_pb_row_1 et_pb_row et_flex_row\">\r\n\r\n<div class=\"et_pb_column_1 et_pb_column et-last-child et_flex_column et_pb_css_mix_blend_mode_passthrough et_flex_column_24_24 et_flex_column_24_24_tablet et_flex_column_24_24_phone\">\r\n\r\n<div class=\"et_pb_row_2 et_pb_row et_pb_row_nested et_flex_row preset--module--divi-row--1558413a-cabc-43ae-aee1-915e11673859\"><div class=\"et_pb_column_2 et_pb_column et_block_column et_pb_css_mix_blend_mode_passthrough et_clickable et_flex_column_12_24 et_flex_column_12_24_tablet et_flex_column_24_24_phone preset--module--divi-column--9d06fd27-03cf-472f-9797-8b8ba8934f24\"><div class=\"et_pb_icon_0 et_pb_icon et_pb_module et_block_module\"><span class=\"et_pb_icon_wrap\"><span class=\"et-pb-icon\">\uf518<\/span><\/span><\/div><div class=\"et_pb_heading_2 et_pb_heading et_pb_module et_block_module preset--module--divi-heading--119be2d5-1767-41cf-b4e2-2f68ae14059b\"><div class=\"et_pb_heading_container\"><h4 class=\"et_pb_module_header\">Le livre<\/h4><\/div><\/div><\/div><div class=\"et_pb_column_3 et_pb_column et_block_column et_pb_css_mix_blend_mode_passthrough et_clickable et_flex_column_12_24 et_flex_column_12_24_tablet et_flex_column_24_24_phone preset--module--divi-column--9d06fd27-03cf-472f-9797-8b8ba8934f24\"><div class=\"et_pb_icon_1 et_pb_icon et_pb_module et_block_module\"><span class=\"et_pb_icon_wrap\"><span class=\"et-pb-icon\">\ue024<\/span><\/span><\/div><div class=\"et_pb_heading_3 et_pb_heading et_clickable et_pb_module et_block_module preset--module--divi-heading--119be2d5-1767-41cf-b4e2-2f68ae14059b\"><div class=\"et_pb_heading_container\"><h4 class=\"et_pb_module_header\">L'histoire en vid\u00e9o<\/h4><\/div><\/div><\/div><div class=\"et_pb_column_4 et_pb_column et-last-child et_block_column et_pb_css_mix_blend_mode_passthrough et_clickable et_flex_column_12_24 et_flex_column_12_24_tablet et_flex_column_24_24_phone preset--module--divi-column--76998815-672d-40f7-a9e0-4cf95f2d4a2d\"><div class=\"et_pb_icon_2 et_pb_icon et_clickable et_pb_module et_block_module\"><span class=\"et_pb_icon_wrap\"><a href=\"https:\/\/www.thierryjamin.com\/MAPI\/contact\/\" target=\"\"><span class=\"et-pb-icon\">\ue010<\/span><\/a><\/span><\/div><div class=\"et_pb_heading_4 et_pb_heading et_pb_module et_block_module preset--module--divi-heading--119be2d5-1767-41cf-b4e2-2f68ae14059b\"><div class=\"et_pb_heading_container\"><h4 class=\"et_pb_module_header\">Nous contacter<\/h4><\/div><\/div><\/div><\/div><\/div><\/div><\/div>\r\n\r\n<div class=\"et_pb_section_1 et_pb_section et_section_regular et_block_section\"><span class=\"et_pb_background_pattern\"><\/span>\r\n\r\n<div class=\"et_pb_row_3 et_pb_row et_flex_row\">\r\n\r\n<div class=\"et_pb_column_5 et_pb_column et-last-child et_block_column et_pb_css_mix_blend_mode_passthrough et_flex_column_24_24 et_flex_column_24_24_tablet et_flex_column_24_24_phone\">\r\n\r\n<div class=\"et_pb_heading_5 et_pb_heading et_pb_module et_block_module preset--module--divi-heading--119be2d5-1767-41cf-b4e2-2f68ae14059b\"><div class=\"et_pb_heading_container\"><h3 class=\"et_pb_module_header\">Pourquoi ce site consacr\u00e9 \u00e0 Machu Picchu ?<\/h3><\/div><\/div>\r\n\r\n<div class=\"et_pb_heading_6 et_pb_heading et_pb_module et_block_module preset--module--divi-heading--4eb153cd-eac9-4d3a-9bc5-a7e8c06029b6\"><div class=\"et_pb_heading_container\"><h2 class=\"et_pb_module_header\">Une d\u00e9couverte \u00e0 Machu Picchu : le d\u00e9but d\u2019une incroyable histoire\u2026<\/h2><\/div><\/div><\/div><\/div>\r\n\r\n<div class=\"et_pb_row_4 et_pb_row et_flex_row\">\r\n\r\n<div class=\"et_pb_column_6 et_pb_column et_flex_column et_pb_css_mix_blend_mode_passthrough et_flex_column_12_24 et_flex_column_12_24_tablet et_flex_column_24_24_phone\">\r\n\r\n<div class=\"et_pb_text_0 et_pb_text et_pb_bg_layout_light et_pb_module et_flex_module\"><div class=\"et_pb_text_inner\"><p>En 2012, Thierry Jamin s\u2019embarque dans une histoire incroyable \u00e0 Machu Picchu. Jamin et son \u00e9quipe pensent en effet avoir r\u00e9alis\u00e9 une mise \u00e0 jour arch\u00e9ologique extraordinaire dans la fameuse cit\u00e9 perdue, rendue c\u00e9l\u00e8bre par Hiram Bingham en 1911. Cette d\u00e9couverte fut possible gr\u00e2ce au t\u00e9moignage d\u2019un ing\u00e9nieur fran\u00e7ais de Barcelone, David Crespy, en visite \u00e0 Machu Picchu en f\u00e9vrier 2010.<\/p>\n<\/div><\/div><\/div>\r\n\r\n<div class=\"et_pb_column_7 et_pb_column et-last-child et_flex_column et_pb_css_mix_blend_mode_passthrough et_flex_column_12_24 et_flex_column_12_24_tablet et_flex_column_24_24_phone\">\r\n\r\n<div class=\"et_pb_gallery_0 et_pb_gallery et_pb_bg_layout_light et_pb_slider et_pb_gallery_fullwidth clearfix et_pb_slider_no_pagination et_slider_auto et_slider_speed_5000 et_pb_module\" data-auto-rotate=\"off\" data-auto-rotate-speed=\"\"><div class=\"et_pb_gallery_items et_post_gallery clearfix\" data-per_page=\"4\"><div class=\"et_pb_gallery_item et_pb_gallery_item_0_0\"><div class=\"et_pb_gallery_image landscape\" data-per_page=\"4\"><a href=\"https:\/\/www.thierryjamin.com\/MAPI\/wp-content\/uploads\/2025\/12\/machu-picchu-devant-la-porte-secrete.jpg\" title=\"Machu Picchu, devant la porte secr\u00e8te\"><img loading=\"lazy\" decoding=\"async\" width=\"600\" height=\"361\" src=\"https:\/\/www.thierryjamin.com\/MAPI\/wp-content\/uploads\/2025\/12\/machu-picchu-devant-la-porte-secrete.jpg\" alt=\"Machu Picchu, devant la porte secr\u00e8te\" class=\"wp-image-267\" srcset=\"https:\/\/www.thierryjamin.com\/MAPI\/wp-content\/uploads\/2025\/12\/machu-picchu-devant-la-porte-secrete.jpg 600w, https:\/\/www.thierryjamin.com\/MAPI\/wp-content\/uploads\/2025\/12\/machu-picchu-devant-la-porte-secrete-480x289.jpg 480w\" sizes=\"(min-width: 0px) and (max-width: 480px) 480px, (min-width: 481px) 600px, 100vw\" \/><span class=\"et_overlay\" data-icon=\"\" data-icon-tablet=\"\" data-icon-phone=\"\"><\/span><\/a><\/div><\/div><div class=\"et_pb_gallery_item et_pb_gallery_item_0_1\"><div class=\"et_pb_gallery_image landscape\" data-per_page=\"4\"><a href=\"https:\/\/www.thierryjamin.com\/MAPI\/wp-content\/uploads\/2025\/12\/machu-picchu-resonaces.jpg\" title=\"Machu Picchu, mesure face la porte\"><img loading=\"lazy\" decoding=\"async\" width=\"600\" height=\"361\" src=\"https:\/\/www.thierryjamin.com\/MAPI\/wp-content\/uploads\/2025\/12\/machu-picchu-resonaces.jpg\" alt=\"Machu Picchu, mesure face la porte\" class=\"wp-image-243\" srcset=\"https:\/\/www.thierryjamin.com\/MAPI\/wp-content\/uploads\/2025\/12\/machu-picchu-resonaces.jpg 600w, https:\/\/www.thierryjamin.com\/MAPI\/wp-content\/uploads\/2025\/12\/machu-picchu-resonaces-480x289.jpg 480w\" sizes=\"(min-width: 0px) and (max-width: 480px) 480px, (min-width: 481px) 600px, 100vw\" \/><span class=\"et_overlay\" data-icon=\"\" data-icon-tablet=\"\" data-icon-phone=\"\"><\/span><\/a><\/div><\/div><div class=\"et_pb_gallery_item et_pb_gallery_item_0_2\"><div class=\"et_pb_gallery_image landscape\" data-per_page=\"4\"><a href=\"https:\/\/www.thierryjamin.com\/MAPI\/wp-content\/uploads\/2025\/12\/machu-picchu-la-porte-secrete.jpg\" title=\"Machu Picchu, la porte secr\u00e8te\"><img loading=\"lazy\" decoding=\"async\" width=\"600\" height=\"361\" src=\"https:\/\/www.thierryjamin.com\/MAPI\/wp-content\/uploads\/2025\/12\/machu-picchu-la-porte-secrete.jpg\" alt=\"Machu Picchu, la porte secr\u00e8te\" class=\"wp-image-266\" srcset=\"https:\/\/www.thierryjamin.com\/MAPI\/wp-content\/uploads\/2025\/12\/machu-picchu-la-porte-secrete.jpg 600w, https:\/\/www.thierryjamin.com\/MAPI\/wp-content\/uploads\/2025\/12\/machu-picchu-la-porte-secrete-480x289.jpg 480w\" sizes=\"(min-width: 0px) and (max-width: 480px) 480px, (min-width: 481px) 600px, 100vw\" \/><span class=\"et_overlay\" data-icon=\"\" data-icon-tablet=\"\" data-icon-phone=\"\"><\/span><\/a><\/div><\/div><\/div><\/div><\/div><\/div>\r\n\r\n<div class=\"et_pb_row_5 et_pb_row et_flex_row\">\r\n\r\n<div class=\"et_pb_column_8 et_pb_column et-last-child et_flex_column et_pb_css_mix_blend_mode_passthrough et_flex_column_24_24 et_flex_column_24_24_tablet et_flex_column_24_24_phone\">\r\n\r\n<div class=\"et_pb_heading_7 et_pb_heading et_pb_module et_block_module preset--module--divi-heading--4eb153cd-eac9-4d3a-9bc5-a7e8c06029b6\"><div class=\"et_pb_heading_container\"><h2 class=\"et_pb_module_header\">\u2026 suivie de nombreuses pol\u00e9miques, intimidations et menaces<\/h2><\/div><\/div><\/div><\/div>\r\n\r\n<div class=\"et_pb_row_6 et_pb_row et_flex_row\">\r\n\r\n<div class=\"et_pb_column_9 et_pb_column et_flex_column et_pb_css_mix_blend_mode_passthrough et_flex_column_8_24 et_flex_column_8_24_tablet et_flex_column_24_24_phone\">\r\n\r\n<div class=\"et_pb_gallery_1 et_pb_gallery et_pb_bg_layout_light et_pb_slider et_pb_gallery_fullwidth clearfix et_pb_slider_no_pagination et_slider_auto et_slider_speed_5000 et_pb_module\" data-auto-rotate=\"off\" data-auto-rotate-speed=\"\"><div class=\"et_pb_gallery_items et_post_gallery clearfix\" data-per_page=\"4\"><div class=\"et_pb_gallery_item et_pb_gallery_item_1_0\"><div class=\"et_pb_gallery_image landscape\" data-per_page=\"4\"><a href=\"https:\/\/www.thierryjamin.com\/MAPI\/wp-content\/uploads\/2025\/12\/machu-picchu-menace-de-mort.jpg\" title=\"Machu Picchu, menace de mort\"><img loading=\"lazy\" decoding=\"async\" width=\"600\" height=\"827\" src=\"https:\/\/www.thierryjamin.com\/MAPI\/wp-content\/uploads\/2025\/12\/machu-picchu-menace-de-mort.jpg\" alt=\"Machu Picchu, menace de mort\" class=\"wp-image-245\" srcset=\"https:\/\/www.thierryjamin.com\/MAPI\/wp-content\/uploads\/2025\/12\/machu-picchu-menace-de-mort.jpg 600w, https:\/\/www.thierryjamin.com\/MAPI\/wp-content\/uploads\/2025\/12\/machu-picchu-menace-de-mort-480x662.jpg 480w\" sizes=\"(min-width: 0px) and (max-width: 480px) 480px, (min-width: 481px) 600px, 100vw\" \/><span class=\"et_overlay\" data-icon=\"\" data-icon-tablet=\"\" data-icon-phone=\"\"><\/span><\/a><\/div><\/div><div class=\"et_pb_gallery_item et_pb_gallery_item_1_1\"><div class=\"et_pb_gallery_image landscape\" data-per_page=\"4\"><a href=\"https:\/\/www.thierryjamin.com\/MAPI\/wp-content\/uploads\/2025\/12\/machu-picchu-el-sol.jpg\" title=\"Machu Picchu, El Sol de Cusco\"><img loading=\"lazy\" decoding=\"async\" width=\"600\" height=\"827\" src=\"https:\/\/www.thierryjamin.com\/MAPI\/wp-content\/uploads\/2025\/12\/machu-picchu-el-sol.jpg\" alt=\"Machu Picchu, El Sol de Cusco\" class=\"wp-image-254\" srcset=\"https:\/\/www.thierryjamin.com\/MAPI\/wp-content\/uploads\/2025\/12\/machu-picchu-el-sol.jpg 600w, https:\/\/www.thierryjamin.com\/MAPI\/wp-content\/uploads\/2025\/12\/machu-picchu-el-sol-480x662.jpg 480w\" sizes=\"(min-width: 0px) and (max-width: 480px) 480px, (min-width: 481px) 600px, 100vw\" \/><span class=\"et_overlay\" data-icon=\"\" data-icon-tablet=\"\" data-icon-phone=\"\"><\/span><\/a><\/div><\/div><\/div><\/div><\/div>\r\n\r\n<div class=\"et_pb_column_10 et_pb_column et-last-child et_flex_column et_pb_css_mix_blend_mode_passthrough et_flex_column_16_24 et_flex_column_16_24_tablet et_flex_column_24_24_phone\">\r\n\r\n<div class=\"et_pb_text_1 et_pb_text et_pb_bg_layout_light et_pb_module et_flex_module\"><div class=\"et_pb_text_inner\"><p>Au d\u00e9but de l\u2019ann\u00e9e 2013, plusieurs m\u00e9dias nationaux s\u2019emparent de l\u2019affaire et d\u2019importantes pol\u00e9miques \u00e9clatent dans tout le pays. On dit et on \u00e9crit tout et n\u2019importe quoi !<\/p>\n<p>Pour permettre au grand public, aux responsables politiques et au monde scientifique de se faire une id\u00e9e juste et claire des d\u00e9couvertes r\u00e9alis\u00e9es \u00e0 Machu Picchu par l\u2019Instituto Inkarri \u2013 Cusco, Thierry Jamin explique dans ce site internet comment son \u00e9quipe et lui en sont arriv\u00e9s \u00e0 la conclusion suivante : il y a sous le Temple des Trois Portes une <a href=\"https:\/\/www.thierryjamin.com\/MAPI\/resultats-chambre-funeraire\/\">chambre fun\u00e9raire<\/a>.<\/p>\n<\/div><\/div><\/div><\/div><\/div>\r\n\r\n<div class=\"et_pb_section_2 et_pb_section et_section_regular et_flex_section et_pb_section_parallax\"><span class=\"et-pb-parallax-wrapper\"><span class=\"et-pb-parallax-background et-pb-parallax-background--css et-pb-parallax-background-module--divi-section-2\" style=\"background-image:url(https:\/\/www.thierryjamin.com\/MAPI\/wp-content\/uploads\/2025\/12\/fond-resonance.jpg)\"><\/span><\/span>\r\n\r\n<div class=\"et_pb_row_7 et_pb_row et_flex_row\">\r\n\r\n<div class=\"et_pb_column_11 et_pb_column et-last-child et_flex_column et_pb_css_mix_blend_mode_passthrough et_flex_column_24_24 et_flex_column_24_24_tablet et_flex_column_24_24_phone\">\r\n\r\n<div class=\"et_pb_heading_8 et_pb_heading et_pb_module et_block_module preset--module--divi-heading--4eb153cd-eac9-4d3a-9bc5-a7e8c06029b6\"><div class=\"et_pb_heading_container\"><h2 class=\"et_pb_module_header\">A vous de juger !<\/h2><\/div><\/div><\/div><\/div>\r\n\r\n<div class=\"et_pb_row_8 et_pb_row et_flex_row\">\r\n\r\n<div class=\"et_pb_column_12 et_pb_column et_flex_column et_pb_css_mix_blend_mode_passthrough et_flex_column_3_5 et_flex_column_3_5_tablet et_flex_column_24_24_phone\">\r\n\r\n<div class=\"et_pb_text_2 et_pb_text et_pb_bg_layout_dark et_pb_module et_flex_module\"><div class=\"et_pb_text_inner\"><p>Les internautes trouveront sur ce site internet toutes les <a href=\"https:\/\/www.thierryjamin.com\/MAPI\/temple-des-trois-portes-machu-picchu\/\">pi\u00e8ces \u00e9crites<\/a> (documents officiels), mais \u00e9galement les principaux articles de presse (journaux, magazines, etc.), les principales \u00e9missions de radio et les principaux reportages et documentaires r\u00e9alis\u00e9s par les cha\u00eenes de t\u00e9l\u00e9vision p\u00e9ruviennes et \u00e9trang\u00e8res sur cette incroyable histoire.<\/p>\n<\/div><\/div><\/div>\r\n\r\n<div class=\"et_pb_column_13 et_pb_column et-last-child et_flex_column et_pb_css_mix_blend_mode_passthrough et_flex_column_2_5 et_flex_column_2_5_tablet et_flex_column_24_24_phone\">\r\n\r\n<div class=\"et_pb_gallery_2 et_pb_gallery et_pb_bg_layout_light et_pb_slider et_pb_gallery_fullwidth clearfix et_pb_slider_no_pagination et_slider_auto et_slider_speed_5000 et_pb_module\" data-auto-rotate=\"off\" data-auto-rotate-speed=\"\"><div class=\"et_pb_gallery_items et_post_gallery clearfix\" data-per_page=\"4\"><div class=\"et_pb_gallery_item et_pb_gallery_item_2_0\"><div class=\"et_pb_gallery_image landscape\" data-per_page=\"4\"><a href=\"https:\/\/www.thierryjamin.com\/MAPI\/wp-content\/uploads\/2025\/12\/machu-picchu-actu-toulouse.jpg\" title=\"Actu Toulouse\"><img loading=\"lazy\" decoding=\"async\" width=\"600\" height=\"600\" src=\"https:\/\/www.thierryjamin.com\/MAPI\/wp-content\/uploads\/2025\/12\/machu-picchu-actu-toulouse.jpg\" alt=\"Actu Toulouse\" class=\"wp-image-257\" srcset=\"https:\/\/www.thierryjamin.com\/MAPI\/wp-content\/uploads\/2025\/12\/machu-picchu-actu-toulouse.jpg 600w, https:\/\/www.thierryjamin.com\/MAPI\/wp-content\/uploads\/2025\/12\/machu-picchu-actu-toulouse-480x480.jpg 480w\" sizes=\"(min-width: 0px) and (max-width: 480px) 480px, (min-width: 481px) 600px, 100vw\" \/><span class=\"et_overlay\" data-icon=\"\" data-icon-tablet=\"\" data-icon-phone=\"\"><\/span><\/a><\/div><\/div><div class=\"et_pb_gallery_item et_pb_gallery_item_2_1\"><div class=\"et_pb_gallery_image landscape\" data-per_page=\"4\"><a href=\"https:\/\/www.thierryjamin.com\/MAPI\/wp-content\/uploads\/2025\/12\/machu-picchu-forbes.jpg\" title=\"Forbes\"><img loading=\"lazy\" decoding=\"async\" width=\"600\" height=\"600\" src=\"https:\/\/www.thierryjamin.com\/MAPI\/wp-content\/uploads\/2025\/12\/machu-picchu-forbes.jpg\" alt=\"Forbes\" class=\"wp-image-258\" srcset=\"https:\/\/www.thierryjamin.com\/MAPI\/wp-content\/uploads\/2025\/12\/machu-picchu-forbes.jpg 600w, https:\/\/www.thierryjamin.com\/MAPI\/wp-content\/uploads\/2025\/12\/machu-picchu-forbes-480x480.jpg 480w\" sizes=\"(min-width: 0px) and (max-width: 480px) 480px, (min-width: 481px) 600px, 100vw\" \/><span class=\"et_overlay\" data-icon=\"\" data-icon-tablet=\"\" data-icon-phone=\"\"><\/span><\/a><\/div><\/div><div class=\"et_pb_gallery_item et_pb_gallery_item_2_2\"><div class=\"et_pb_gallery_image landscape\" data-per_page=\"4\"><a href=\"https:\/\/www.thierryjamin.com\/MAPI\/wp-content\/uploads\/2025\/12\/machu-picchu-historia.jpg\" title=\"Historia \/ National Geographic\"><img loading=\"lazy\" decoding=\"async\" width=\"600\" height=\"600\" src=\"https:\/\/www.thierryjamin.com\/MAPI\/wp-content\/uploads\/2025\/12\/machu-picchu-historia.jpg\" alt=\"Historia \/ National Geographic\" class=\"wp-image-259\" srcset=\"https:\/\/www.thierryjamin.com\/MAPI\/wp-content\/uploads\/2025\/12\/machu-picchu-historia.jpg 600w, https:\/\/www.thierryjamin.com\/MAPI\/wp-content\/uploads\/2025\/12\/machu-picchu-historia-480x480.jpg 480w\" sizes=\"(min-width: 0px) and (max-width: 480px) 480px, (min-width: 481px) 600px, 100vw\" \/><span class=\"et_overlay\" data-icon=\"\" data-icon-tablet=\"\" data-icon-phone=\"\"><\/span><\/a><\/div><\/div><\/div><\/div><\/div><\/div><\/div>","protected":false},"excerpt":{"rendered":"","protected":false},"author":1,"featured_media":0,"parent":0,"menu_order":1,"comment_status":"closed","ping_status":"closed","template":"","meta":{"_seopress_robots_primary_cat":"","_seopress_titles_title":"Machu Picchu, la porte secr\u00e8te","_seopress_titles_desc":"En avril 2012, Thierry Jamin et son \u00e9quipe font des r\u00e9sonances magn\u00e9tiques au Temple des 3 Portes \u00e0 Machu Picchu.","_seopress_robots_index":"","iawp_total_views":16,"footnotes":""},"class_list":["post-9","page","type-page","status-publish","hentry"],"_links":{"self":[{"href":"https:\/\/www.thierryjamin.com\/MAPI\/wp-json\/wp\/v2\/pages\/9","targetHints":{"allow":["GET"]}}],"collection":[{"href":"https:\/\/www.thierryjamin.com\/MAPI\/wp-json\/wp\/v2\/pages"}],"about":[{"href":"https:\/\/www.thierryjamin.com\/MAPI\/wp-json\/wp\/v2\/types\/page"}],"author":[{"embeddable":true,"href":"https:\/\/www.thierryjamin.com\/MAPI\/wp-json\/wp\/v2\/users\/1"}],"replies":[{"embeddable":true,"href":"https:\/\/www.thierryjamin.com\/MAPI\/wp-json\/wp\/v2\/comments?post=9"}],"version-history":[{"count":1,"href":"https:\/\/www.thierryjamin.com\/MAPI\/wp-json\/wp\/v2\/pages\/9\/revisions"}],"predecessor-version":[{"id":2236,"href":"https:\/\/www.thierryjamin.com\/MAPI\/wp-json\/wp\/v2\/pages\/9\/revisions\/2236"}],"wp:attachment":[{"href":"https:\/\/www.thierryjamin.com\/MAPI\/wp-json\/wp\/v2\/media?parent=9"}],"curies":[{"name":"wp","href":"https:\/\/api.w.org\/{rel}","templated":true}]}}