{"id":908,"date":"2025-12-19T14:42:15","date_gmt":"2025-12-19T13:42:15","guid":{"rendered":"https:\/\/www.thierryjamin.com\/MAPI\/?page_id=908"},"modified":"2026-03-12T06:39:18","modified_gmt":"2026-03-12T05:39:18","slug":"equipe-de-recherche","status":"publish","type":"page","link":"https:\/\/www.thierryjamin.com\/MAPI\/equipe-de-recherche\/","title":{"rendered":"L&rsquo;\u00e9quipe de recherche"},"content":{"rendered":"","protected":true},"excerpt":{"rendered":"","protected":true},"author":1,"featured_media":0,"parent":0,"menu_order":12,"comment_status":"closed","ping_status":"closed","template":"","meta":{"_seopress_robots_primary_cat":"","_seopress_titles_title":"L'\u00e9quipe de recherche - Arch\u00e9ologue","_seopress_titles_desc":"L'\u00e9quipe de recherche comprend un directeur ex\u00e9cutif, Thierry Jamin, de 2 arch\u00e9ologues, d'un responsable de la logistique, d'un cadreur et d'un r\u00e9alisateur.","_seopress_robots_index":"","iawp_total_views":3,"footnotes":""},"class_list":["post-908","page","type-page","status-publish","post-password-required","hentry"],"_links":{"self":[{"href":"https:\/\/www.thierryjamin.com\/MAPI\/wp-json\/wp\/v2\/pages\/908","targetHints":{"allow":["GET"]}}],"collection":[{"href":"https:\/\/www.thierryjamin.com\/MAPI\/wp-json\/wp\/v2\/pages"}],"about":[{"href":"https:\/\/www.thierryjamin.com\/MAPI\/wp-json\/wp\/v2\/types\/page"}],"author":[{"embeddable":true,"href":"https:\/\/www.thierryjamin.com\/MAPI\/wp-json\/wp\/v2\/users\/1"}],"replies":[{"embeddable":true,"href":"https:\/\/www.thierryjamin.com\/MAPI\/wp-json\/wp\/v2\/comments?post=908"}],"version-history":[{"count":0,"href":"https:\/\/www.thierryjamin.com\/MAPI\/wp-json\/wp\/v2\/pages\/908\/revisions"}],"wp:attachment":[{"href":"https:\/\/www.thierryjamin.com\/MAPI\/wp-json\/wp\/v2\/media?parent=908"}],"curies":[{"name":"wp","href":"https:\/\/api.w.org\/{rel}","templated":true}]}}